{"id":44,"date":"2022-09-05T19:52:40","date_gmt":"2022-09-05T19:52:40","guid":{"rendered":"http:\/\/senalescorporativas.com\/?page_id=44"},"modified":"2023-11-08T22:38:15","modified_gmt":"2023-11-08T22:38:15","slug":"cerramientos-de-obra","status":"publish","type":"page","link":"https:\/\/senalescorporativas.com\/index.php\/cerramientos-de-obra\/","title":{"rendered":"Cerramientos de Obra"},"content":{"rendered":"\t\t<div data-elementor-type=\"wp-page\" data-elementor-id=\"44\" class=\"elementor elementor-44\" data-elementor-post-type=\"page\">\n\t\t\t\t\t\t<section class=\"elementor-section elementor-top-section elementor-element elementor-element-d241b52 elementor-section-boxed elementor-section-height-default elementor-section-height-default\" data-id=\"d241b52\" data-element_type=\"section\" data-e-type=\"section\">\n\t\t\t\t\t\t<div class=\"elementor-container elementor-column-gap-default\">\n\t\t\t\t\t<div class=\"elementor-column elementor-col-100 elementor-top-column elementor-element elementor-element-acef8f6\" data-id=\"acef8f6\" data-element_type=\"column\" data-e-type=\"column\">\n\t\t\t<div class=\"elementor-widget-wrap elementor-element-populated\">\n\t\t\t\t\t\t<div class=\"elementor-element elementor-element-6d698e2 elementor-view-stacked elementor-shape-circle elementor-position-block-start elementor-mobile-position-block-start elementor-widget elementor-widget-icon-box\" data-id=\"6d698e2\" data-element_type=\"widget\" data-e-type=\"widget\" data-widget_type=\"icon-box.default\">\n\t\t\t\t<div class=\"elementor-widget-container\">\n\t\t\t\t\t\t\t<div class=\"elementor-icon-box-wrapper\">\n\n\t\t\t\t\t\t<div class=\"elementor-icon-box-icon\">\n\t\t\t\t<span  class=\"elementor-icon\">\n\t\t\t\t<i aria-hidden=\"true\" class=\"fab fa-leanpub\"><\/i>\t\t\t\t<\/span>\n\t\t\t<\/div>\n\t\t\t\n\t\t\t\t\t\t<div class=\"elementor-icon-box-content\">\n\n\t\t\t\t\t\t\t\t\t<h3 class=\"elementor-icon-box-title\">\n\t\t\t\t\t\t<span  >\n\t\t\t\t\t\t\tCerramientos de Obra\t\t\t\t\t\t<\/span>\n\t\t\t\t\t<\/h3>\n\t\t\t\t\n\t\t\t\t\n\t\t\t<\/div>\n\t\t\t\n\t\t<\/div>\n\t\t\t\t\t\t<\/div>\n\t\t\t\t<\/div>\n\t\t\t\t\t<\/div>\n\t\t<\/div>\n\t\t\t\t\t<\/div>\n\t\t<\/section>\n\t\t\t\t<section class=\"elementor-section elementor-top-section elementor-element elementor-element-073b5aa elementor-section-boxed elementor-section-height-default elementor-section-height-default\" data-id=\"073b5aa\" data-element_type=\"section\" data-e-type=\"section\">\n\t\t\t\t\t\t<div class=\"elementor-container elementor-column-gap-default\">\n\t\t\t\t\t<div class=\"elementor-column elementor-col-100 elementor-top-column elementor-element elementor-element-37550ce\" data-id=\"37550ce\" data-element_type=\"column\" data-e-type=\"column\">\n\t\t\t<div class=\"elementor-widget-wrap elementor-element-populated\">\n\t\t\t\t\t\t<div class=\"elementor-element elementor-element-b22a412 elementor-widget elementor-widget-text-editor\" data-id=\"b22a412\" data-element_type=\"widget\" data-e-type=\"widget\" data-widget_type=\"text-editor.default\">\n\t\t\t\t<div class=\"elementor-widget-container\">\n\t\t\t\t\t\t\t\t\t<p>Ser digital Se\u00f1alizaci\u00f3n ofrece para obras de construcci\u00f3n cerramientos en diferentes materiales para promocionar su proyecto y darle seguridad a sus equipos y herramientas.<\/p>\t\t\t\t\t\t\t\t<\/div>\n\t\t\t\t<\/div>\n\t\t\t\t\t<\/div>\n\t\t<\/div>\n\t\t\t\t\t<\/div>\n\t\t<\/section>\n\t\t\t\t<section class=\"elementor-section elementor-top-section elementor-element elementor-element-0d7f452 elementor-section-boxed elementor-section-height-default elementor-section-height-default\" data-id=\"0d7f452\" data-element_type=\"section\" data-e-type=\"section\">\n\t\t\t\t\t\t<div class=\"elementor-container elementor-column-gap-default\">\n\t\t\t\t\t<div class=\"elementor-column elementor-col-50 elementor-top-column elementor-element elementor-element-66ae600\" data-id=\"66ae600\" data-element_type=\"column\" data-e-type=\"column\">\n\t\t\t<div class=\"elementor-widget-wrap elementor-element-populated\">\n\t\t\t\t\t\t<div class=\"elementor-element elementor-element-38ad39f elementor-widget elementor-widget-image\" data-id=\"38ad39f\" data-element_type=\"widget\" data-e-type=\"widget\" data-widget_type=\"image.default\">\n\t\t\t\t<div class=\"elementor-widget-container\">\n\t\t\t\t\t\t\t\t\t\t\t\t\t\t\t<img fetchpriority=\"high\" decoding=\"async\" width=\"645\" height=\"360\" src=\"https:\/\/senalescorporativas.com\/wp-content\/uploads\/2022\/09\/cerramientos-de-obra-01-crop-u5388.jpg\" class=\"attachment-large size-large wp-image-1052\" alt=\"\" srcset=\"https:\/\/senalescorporativas.com\/wp-content\/uploads\/2022\/09\/cerramientos-de-obra-01-crop-u5388.jpg 645w, https:\/\/senalescorporativas.com\/wp-content\/uploads\/2022\/09\/cerramientos-de-obra-01-crop-u5388-300x167.jpg 300w\" sizes=\"(max-width: 645px) 100vw, 645px\" \/>\t\t\t\t\t\t\t\t\t\t\t\t\t\t\t<\/div>\n\t\t\t\t<\/div>\n\t\t\t\t\t<\/div>\n\t\t<\/div>\n\t\t\t\t<div class=\"elementor-column elementor-col-50 elementor-top-column elementor-element elementor-element-01aa887\" data-id=\"01aa887\" data-element_type=\"column\" data-e-type=\"column\">\n\t\t\t<div class=\"elementor-widget-wrap elementor-element-populated\">\n\t\t\t\t\t\t<div class=\"elementor-element elementor-element-66f470a elementor-widget elementor-widget-image\" data-id=\"66f470a\" data-element_type=\"widget\" data-e-type=\"widget\" data-widget_type=\"image.default\">\n\t\t\t\t<div class=\"elementor-widget-container\">\n\t\t\t\t\t\t\t\t\t\t\t\t\t\t\t<img decoding=\"async\" width=\"645\" height=\"360\" src=\"https:\/\/senalescorporativas.com\/wp-content\/uploads\/2022\/09\/cerramientos-de-obra-02-crop-u5429-1.jpg\" class=\"attachment-large size-large wp-image-1053\" alt=\"\" srcset=\"https:\/\/senalescorporativas.com\/wp-content\/uploads\/2022\/09\/cerramientos-de-obra-02-crop-u5429-1.jpg 645w, https:\/\/senalescorporativas.com\/wp-content\/uploads\/2022\/09\/cerramientos-de-obra-02-crop-u5429-1-300x167.jpg 300w\" sizes=\"(max-width: 645px) 100vw, 645px\" \/>\t\t\t\t\t\t\t\t\t\t\t\t\t\t\t<\/div>\n\t\t\t\t<\/div>\n\t\t\t\t\t<\/div>\n\t\t<\/div>\n\t\t\t\t\t<\/div>\n\t\t<\/section>\n\t\t\t\t<section class=\"elementor-section elementor-top-section elementor-element elementor-element-ce29dac elementor-section-boxed elementor-section-height-default elementor-section-height-default\" data-id=\"ce29dac\" data-element_type=\"section\" data-e-type=\"section\">\n\t\t\t\t\t\t<div class=\"elementor-container elementor-column-gap-default\">\n\t\t\t\t\t<div class=\"elementor-column elementor-col-50 elementor-top-column elementor-element elementor-element-83694d3\" data-id=\"83694d3\" data-element_type=\"column\" data-e-type=\"column\">\n\t\t\t<div class=\"elementor-widget-wrap elementor-element-populated\">\n\t\t\t\t\t\t<div class=\"elementor-element elementor-element-06d0d95 elementor-widget elementor-widget-image\" data-id=\"06d0d95\" data-element_type=\"widget\" data-e-type=\"widget\" data-widget_type=\"image.default\">\n\t\t\t\t<div class=\"elementor-widget-container\">\n\t\t\t\t\t\t\t\t\t\t\t\t\t\t\t<img decoding=\"async\" width=\"645\" height=\"360\" src=\"https:\/\/senalescorporativas.com\/wp-content\/uploads\/2022\/09\/terranum04-crop-u8229.jpg\" class=\"attachment-large size-large wp-image-1060\" alt=\"\" srcset=\"https:\/\/senalescorporativas.com\/wp-content\/uploads\/2022\/09\/terranum04-crop-u8229.jpg 645w, https:\/\/senalescorporativas.com\/wp-content\/uploads\/2022\/09\/terranum04-crop-u8229-300x167.jpg 300w\" sizes=\"(max-width: 645px) 100vw, 645px\" \/>\t\t\t\t\t\t\t\t\t\t\t\t\t\t\t<\/div>\n\t\t\t\t<\/div>\n\t\t\t\t\t<\/div>\n\t\t<\/div>\n\t\t\t\t<div class=\"elementor-column elementor-col-50 elementor-top-column elementor-element elementor-element-3c3f8fd\" data-id=\"3c3f8fd\" data-element_type=\"column\" data-e-type=\"column\">\n\t\t\t<div class=\"elementor-widget-wrap elementor-element-populated\">\n\t\t\t\t\t\t<div class=\"elementor-element elementor-element-2248fc8 elementor-widget elementor-widget-image\" data-id=\"2248fc8\" data-element_type=\"widget\" data-e-type=\"widget\" data-widget_type=\"image.default\">\n\t\t\t\t<div class=\"elementor-widget-container\">\n\t\t\t\t\t\t\t\t\t\t\t\t\t\t\t<img loading=\"lazy\" decoding=\"async\" width=\"411\" height=\"305\" src=\"https:\/\/senalescorporativas.com\/wp-content\/uploads\/2022\/09\/cerramientos_de_obra.jpg\" class=\"attachment-large size-large wp-image-1069\" alt=\"\" srcset=\"https:\/\/senalescorporativas.com\/wp-content\/uploads\/2022\/09\/cerramientos_de_obra.jpg 411w, https:\/\/senalescorporativas.com\/wp-content\/uploads\/2022\/09\/cerramientos_de_obra-300x223.jpg 300w\" sizes=\"(max-width: 411px) 100vw, 411px\" \/>\t\t\t\t\t\t\t\t\t\t\t\t\t\t\t<\/div>\n\t\t\t\t<\/div>\n\t\t\t\t\t<\/div>\n\t\t<\/div>\n\t\t\t\t\t<\/div>\n\t\t<\/section>\n\t\t\t\t<section class=\"elementor-section elementor-top-section elementor-element elementor-element-ea70ded elementor-section-boxed elementor-section-height-default elementor-section-height-default\" data-id=\"ea70ded\" data-element_type=\"section\" data-e-type=\"section\">\n\t\t\t\t\t\t<div class=\"elementor-container elementor-column-gap-default\">\n\t\t\t\t\t<div class=\"elementor-column elementor-col-100 elementor-top-column elementor-element elementor-element-36c1ab9\" data-id=\"36c1ab9\" data-element_type=\"column\" data-e-type=\"column\">\n\t\t\t<div class=\"elementor-widget-wrap elementor-element-populated\">\n\t\t\t\t\t\t<div class=\"elementor-element elementor-element-cc27772 elementor-widget elementor-widget-spacer\" data-id=\"cc27772\" data-element_type=\"widget\" data-e-type=\"widget\" data-widget_type=\"spacer.default\">\n\t\t\t\t<div class=\"elementor-widget-container\">\n\t\t\t\t\t\t\t<div class=\"elementor-spacer\">\n\t\t\t<div class=\"elementor-spacer-inner\"><\/div>\n\t\t<\/div>\n\t\t\t\t\t\t<\/div>\n\t\t\t\t<\/div>\n\t\t\t\t\t<\/div>\n\t\t<\/div>\n\t\t\t\t\t<\/div>\n\t\t<\/section>\n\t\t\t\t<\/div>\n\t\t","protected":false},"excerpt":{"rendered":"<p>Cerramientos de Obra Ser digital Se\u00f1alizaci\u00f3n ofrece para obras de construcci\u00f3n cerramientos en diferentes materiales para promocionar su proyecto y darle seguridad a sus equipos y herramientas.<\/p>\n","protected":false},"author":1,"featured_media":1830,"parent":0,"menu_order":0,"comment_status":"closed","ping_status":"closed","template":"elementor_header_footer","meta":{"footnotes":""},"class_list":["post-44","page","type-page","status-publish","has-post-thumbnail","hentry"],"yoast_head":"<!-- This site is optimized with the Yoast SEO Premium plugin v25.6 (Yoast SEO v27.4) - https:\/\/yoast.com\/product\/yoast-seo-premium-wordpress\/ -->\n<title>Cerramientos de Obra con Publicidad para su Proyecto<\/title>\n<meta name=\"description\" content=\"Cerramientos de Obra en diferentes materiales para promocionar su proyecto y darle seguridad a sus equipos y herramientas.\" \/>\n<meta name=\"robots\" content=\"index, follow, max-snippet:-1, max-image-preview:large, max-video-preview:-1\" \/>\n<link rel=\"canonical\" href=\"https:\/\/senalescorporativas.com\/index.php\/cerramientos-de-obra\/\" \/>\n<meta property=\"og:locale\" content=\"es_ES\" \/>\n<meta property=\"og:type\" content=\"article\" \/>\n<meta property=\"og:title\" content=\"Cerramientos de Obra\" \/>\n<meta property=\"og:description\" content=\"Cerramientos de Obra en diferentes materiales para promocionar su proyecto y darle seguridad a sus equipos y herramientas.\" \/>\n<meta property=\"og:url\" content=\"https:\/\/senalescorporativas.com\/index.php\/cerramientos-de-obra\/\" \/>\n<meta property=\"og:site_name\" content=\"Se\u00f1alizaci\u00f3n Corporativa\" \/>\n<meta property=\"article:modified_time\" content=\"2023-11-08T22:38:15+00:00\" \/>\n<meta property=\"og:image\" content=\"https:\/\/senalescorporativas.com\/wp-content\/uploads\/2023\/11\/Cerramientos_de_Obra.jpeg\" \/>\n\t<meta property=\"og:image:width\" content=\"645\" \/>\n\t<meta property=\"og:image:height\" content=\"360\" \/>\n\t<meta property=\"og:image:type\" content=\"image\/jpeg\" \/>\n<meta name=\"twitter:card\" content=\"summary_large_image\" \/>\n<meta name=\"twitter:label1\" content=\"Tiempo de lectura\" \/>\n\t<meta name=\"twitter:data1\" content=\"1 minuto\" \/>\n<script type=\"application\/ld+json\" class=\"yoast-schema-graph\">{\"@context\":\"https:\\\/\\\/schema.org\",\"@graph\":[{\"@type\":\"WebPage\",\"@id\":\"https:\\\/\\\/senalescorporativas.com\\\/index.php\\\/cerramientos-de-obra\\\/\",\"url\":\"https:\\\/\\\/senalescorporativas.com\\\/index.php\\\/cerramientos-de-obra\\\/\",\"name\":\"Cerramientos de Obra con Publicidad para su Proyecto\",\"isPartOf\":{\"@id\":\"https:\\\/\\\/senalescorporativas.com\\\/#website\"},\"primaryImageOfPage\":{\"@id\":\"https:\\\/\\\/senalescorporativas.com\\\/index.php\\\/cerramientos-de-obra\\\/#primaryimage\"},\"image\":{\"@id\":\"https:\\\/\\\/senalescorporativas.com\\\/index.php\\\/cerramientos-de-obra\\\/#primaryimage\"},\"thumbnailUrl\":\"https:\\\/\\\/senalescorporativas.com\\\/wp-content\\\/uploads\\\/2023\\\/11\\\/Cerramientos_de_Obra.jpeg\",\"datePublished\":\"2022-09-05T19:52:40+00:00\",\"dateModified\":\"2023-11-08T22:38:15+00:00\",\"description\":\"Cerramientos de Obra en diferentes materiales para promocionar su proyecto y darle seguridad a sus equipos y herramientas.\",\"breadcrumb\":{\"@id\":\"https:\\\/\\\/senalescorporativas.com\\\/index.php\\\/cerramientos-de-obra\\\/#breadcrumb\"},\"inLanguage\":\"es\",\"potentialAction\":[{\"@type\":\"ReadAction\",\"target\":[\"https:\\\/\\\/senalescorporativas.com\\\/index.php\\\/cerramientos-de-obra\\\/\"]}]},{\"@type\":\"ImageObject\",\"inLanguage\":\"es\",\"@id\":\"https:\\\/\\\/senalescorporativas.com\\\/index.php\\\/cerramientos-de-obra\\\/#primaryimage\",\"url\":\"https:\\\/\\\/senalescorporativas.com\\\/wp-content\\\/uploads\\\/2023\\\/11\\\/Cerramientos_de_Obra.jpeg\",\"contentUrl\":\"https:\\\/\\\/senalescorporativas.com\\\/wp-content\\\/uploads\\\/2023\\\/11\\\/Cerramientos_de_Obra.jpeg\",\"width\":645,\"height\":360,\"caption\":\"Cerramientos de Obra\"},{\"@type\":\"BreadcrumbList\",\"@id\":\"https:\\\/\\\/senalescorporativas.com\\\/index.php\\\/cerramientos-de-obra\\\/#breadcrumb\",\"itemListElement\":[{\"@type\":\"ListItem\",\"position\":1,\"name\":\"Portada\",\"item\":\"https:\\\/\\\/senalescorporativas.com\\\/\"},{\"@type\":\"ListItem\",\"position\":2,\"name\":\"Cerramientos de Obra\"}]},{\"@type\":\"WebSite\",\"@id\":\"https:\\\/\\\/senalescorporativas.com\\\/#website\",\"url\":\"https:\\\/\\\/senalescorporativas.com\\\/\",\"name\":\"Se\u00f1alizaci\u00f3n Corporativa\",\"description\":\"Se\u00f1ales Corporativas - Ser Digital\",\"publisher\":{\"@id\":\"https:\\\/\\\/senalescorporativas.com\\\/#organization\"},\"alternateName\":\"Ser Digital Full Branding\",\"potentialAction\":[{\"@type\":\"SearchAction\",\"target\":{\"@type\":\"EntryPoint\",\"urlTemplate\":\"https:\\\/\\\/senalescorporativas.com\\\/?s={search_term_string}\"},\"query-input\":{\"@type\":\"PropertyValueSpecification\",\"valueRequired\":true,\"valueName\":\"search_term_string\"}}],\"inLanguage\":\"es\"},{\"@type\":\"Organization\",\"@id\":\"https:\\\/\\\/senalescorporativas.com\\\/#organization\",\"name\":\"Se\u00f1alizaci\u00f3n Corporativa Ser Digital\",\"url\":\"https:\\\/\\\/senalescorporativas.com\\\/\",\"logo\":{\"@type\":\"ImageObject\",\"inLanguage\":\"es\",\"@id\":\"https:\\\/\\\/senalescorporativas.com\\\/#\\\/schema\\\/logo\\\/image\\\/\",\"url\":\"https:\\\/\\\/senalescorporativas.com\\\/wp-content\\\/uploads\\\/2022\\\/09\\\/cropped-logoserdigitalicon-1.png\",\"contentUrl\":\"https:\\\/\\\/senalescorporativas.com\\\/wp-content\\\/uploads\\\/2022\\\/09\\\/cropped-logoserdigitalicon-1.png\",\"width\":513,\"height\":232,\"caption\":\"Se\u00f1alizaci\u00f3n Corporativa Ser Digital\"},\"image\":{\"@id\":\"https:\\\/\\\/senalescorporativas.com\\\/#\\\/schema\\\/logo\\\/image\\\/\"},\"sameAs\":[\"https:\\\/\\\/www.linkedin.com\\\/company\\\/75437757\\\/admin\\\/feed\\\/posts\\\/\",\"https:\\\/\\\/www.instagram.com\\\/serdigital\\\/\"]}]}<\/script>\n<!-- \/ Yoast SEO Premium plugin. -->","yoast_head_json":{"title":"Cerramientos de Obra con Publicidad para su Proyecto","description":"Cerramientos de Obra en diferentes materiales para promocionar su proyecto y darle seguridad a sus equipos y herramientas.","robots":{"index":"index","follow":"follow","max-snippet":"max-snippet:-1","max-image-preview":"max-image-preview:large","max-video-preview":"max-video-preview:-1"},"canonical":"https:\/\/senalescorporativas.com\/index.php\/cerramientos-de-obra\/","og_locale":"es_ES","og_type":"article","og_title":"Cerramientos de Obra","og_description":"Cerramientos de Obra en diferentes materiales para promocionar su proyecto y darle seguridad a sus equipos y herramientas.","og_url":"https:\/\/senalescorporativas.com\/index.php\/cerramientos-de-obra\/","og_site_name":"Se\u00f1alizaci\u00f3n Corporativa","article_modified_time":"2023-11-08T22:38:15+00:00","og_image":[{"width":645,"height":360,"url":"https:\/\/senalescorporativas.com\/wp-content\/uploads\/2023\/11\/Cerramientos_de_Obra.jpeg","type":"image\/jpeg"}],"twitter_card":"summary_large_image","twitter_misc":{"Tiempo de lectura":"1 minuto"},"schema":{"@context":"https:\/\/schema.org","@graph":[{"@type":"WebPage","@id":"https:\/\/senalescorporativas.com\/index.php\/cerramientos-de-obra\/","url":"https:\/\/senalescorporativas.com\/index.php\/cerramientos-de-obra\/","name":"Cerramientos de Obra con Publicidad para su Proyecto","isPartOf":{"@id":"https:\/\/senalescorporativas.com\/#website"},"primaryImageOfPage":{"@id":"https:\/\/senalescorporativas.com\/index.php\/cerramientos-de-obra\/#primaryimage"},"image":{"@id":"https:\/\/senalescorporativas.com\/index.php\/cerramientos-de-obra\/#primaryimage"},"thumbnailUrl":"https:\/\/senalescorporativas.com\/wp-content\/uploads\/2023\/11\/Cerramientos_de_Obra.jpeg","datePublished":"2022-09-05T19:52:40+00:00","dateModified":"2023-11-08T22:38:15+00:00","description":"Cerramientos de Obra en diferentes materiales para promocionar su proyecto y darle seguridad a sus equipos y herramientas.","breadcrumb":{"@id":"https:\/\/senalescorporativas.com\/index.php\/cerramientos-de-obra\/#breadcrumb"},"inLanguage":"es","potentialAction":[{"@type":"ReadAction","target":["https:\/\/senalescorporativas.com\/index.php\/cerramientos-de-obra\/"]}]},{"@type":"ImageObject","inLanguage":"es","@id":"https:\/\/senalescorporativas.com\/index.php\/cerramientos-de-obra\/#primaryimage","url":"https:\/\/senalescorporativas.com\/wp-content\/uploads\/2023\/11\/Cerramientos_de_Obra.jpeg","contentUrl":"https:\/\/senalescorporativas.com\/wp-content\/uploads\/2023\/11\/Cerramientos_de_Obra.jpeg","width":645,"height":360,"caption":"Cerramientos de Obra"},{"@type":"BreadcrumbList","@id":"https:\/\/senalescorporativas.com\/index.php\/cerramientos-de-obra\/#breadcrumb","itemListElement":[{"@type":"ListItem","position":1,"name":"Portada","item":"https:\/\/senalescorporativas.com\/"},{"@type":"ListItem","position":2,"name":"Cerramientos de Obra"}]},{"@type":"WebSite","@id":"https:\/\/senalescorporativas.com\/#website","url":"https:\/\/senalescorporativas.com\/","name":"Se\u00f1alizaci\u00f3n Corporativa","description":"Se\u00f1ales Corporativas - Ser Digital","publisher":{"@id":"https:\/\/senalescorporativas.com\/#organization"},"alternateName":"Ser Digital Full Branding","potentialAction":[{"@type":"SearchAction","target":{"@type":"EntryPoint","urlTemplate":"https:\/\/senalescorporativas.com\/?s={search_term_string}"},"query-input":{"@type":"PropertyValueSpecification","valueRequired":true,"valueName":"search_term_string"}}],"inLanguage":"es"},{"@type":"Organization","@id":"https:\/\/senalescorporativas.com\/#organization","name":"Se\u00f1alizaci\u00f3n Corporativa Ser Digital","url":"https:\/\/senalescorporativas.com\/","logo":{"@type":"ImageObject","inLanguage":"es","@id":"https:\/\/senalescorporativas.com\/#\/schema\/logo\/image\/","url":"https:\/\/senalescorporativas.com\/wp-content\/uploads\/2022\/09\/cropped-logoserdigitalicon-1.png","contentUrl":"https:\/\/senalescorporativas.com\/wp-content\/uploads\/2022\/09\/cropped-logoserdigitalicon-1.png","width":513,"height":232,"caption":"Se\u00f1alizaci\u00f3n Corporativa Ser Digital"},"image":{"@id":"https:\/\/senalescorporativas.com\/#\/schema\/logo\/image\/"},"sameAs":["https:\/\/www.linkedin.com\/company\/75437757\/admin\/feed\/posts\/","https:\/\/www.instagram.com\/serdigital\/"]}]}},"_links":{"self":[{"href":"https:\/\/senalescorporativas.com\/index.php\/wp-json\/wp\/v2\/pages\/44","targetHints":{"allow":["GET"]}}],"collection":[{"href":"https:\/\/senalescorporativas.com\/index.php\/wp-json\/wp\/v2\/pages"}],"about":[{"href":"https:\/\/senalescorporativas.com\/index.php\/wp-json\/wp\/v2\/types\/page"}],"author":[{"embeddable":true,"href":"https:\/\/senalescorporativas.com\/index.php\/wp-json\/wp\/v2\/users\/1"}],"replies":[{"embeddable":true,"href":"https:\/\/senalescorporativas.com\/index.php\/wp-json\/wp\/v2\/comments?post=44"}],"version-history":[{"count":32,"href":"https:\/\/senalescorporativas.com\/index.php\/wp-json\/wp\/v2\/pages\/44\/revisions"}],"predecessor-version":[{"id":1829,"href":"https:\/\/senalescorporativas.com\/index.php\/wp-json\/wp\/v2\/pages\/44\/revisions\/1829"}],"wp:featuredmedia":[{"embeddable":true,"href":"https:\/\/senalescorporativas.com\/index.php\/wp-json\/wp\/v2\/media\/1830"}],"wp:attachment":[{"href":"https:\/\/senalescorporativas.com\/index.php\/wp-json\/wp\/v2\/media?parent=44"}],"curies":[{"name":"wp","href":"https:\/\/api.w.org\/{rel}","templated":true}]}}