{"id":46,"date":"2022-09-05T19:58:11","date_gmt":"2022-09-05T19:58:11","guid":{"rendered":"http:\/\/senalescorporativas.com\/?page_id=46"},"modified":"2024-08-12T13:32:53","modified_gmt":"2024-08-12T13:32:53","slug":"senalizacion-exterior","status":"publish","type":"page","link":"https:\/\/senalescorporativas.com\/index.php\/senalizacion-exterior\/","title":{"rendered":"Se\u00f1alizaci\u00f3n Exterior"},"content":{"rendered":"\t\t<div data-elementor-type=\"wp-page\" data-elementor-id=\"46\" class=\"elementor elementor-46\" data-elementor-post-type=\"page\">\n\t\t\t\t\t\t<section class=\"elementor-section elementor-top-section elementor-element elementor-element-6a1f195 elementor-section-boxed elementor-section-height-default elementor-section-height-default\" data-id=\"6a1f195\" data-element_type=\"section\" data-e-type=\"section\">\n\t\t\t\t\t\t<div class=\"elementor-container elementor-column-gap-default\">\n\t\t\t\t\t<div class=\"elementor-column elementor-col-100 elementor-top-column elementor-element elementor-element-5630206\" data-id=\"5630206\" data-element_type=\"column\" data-e-type=\"column\">\n\t\t\t<div class=\"elementor-widget-wrap elementor-element-populated\">\n\t\t\t\t\t\t<div class=\"elementor-element elementor-element-bd13410 elementor-view-stacked elementor-shape-circle elementor-position-block-start elementor-mobile-position-block-start elementor-widget elementor-widget-icon-box\" data-id=\"bd13410\" data-element_type=\"widget\" data-e-type=\"widget\" data-widget_type=\"icon-box.default\">\n\t\t\t\t<div class=\"elementor-widget-container\">\n\t\t\t\t\t\t\t<div class=\"elementor-icon-box-wrapper\">\n\n\t\t\t\t\t\t<div class=\"elementor-icon-box-icon\">\n\t\t\t\t<span  class=\"elementor-icon\">\n\t\t\t\t<i aria-hidden=\"true\" class=\"fab fa-intercom\"><\/i>\t\t\t\t<\/span>\n\t\t\t<\/div>\n\t\t\t\n\t\t\t\t\t\t<div class=\"elementor-icon-box-content\">\n\n\t\t\t\t\t\t\t\t\t<h3 class=\"elementor-icon-box-title\">\n\t\t\t\t\t\t<span  >\n\t\t\t\t\t\t\tSe\u00f1alizaci\u00f3n Exterior\t\t\t\t\t\t<\/span>\n\t\t\t\t\t<\/h3>\n\t\t\t\t\n\t\t\t\t\n\t\t\t<\/div>\n\t\t\t\n\t\t<\/div>\n\t\t\t\t\t\t<\/div>\n\t\t\t\t<\/div>\n\t\t\t\t\t<\/div>\n\t\t<\/div>\n\t\t\t\t\t<\/div>\n\t\t<\/section>\n\t\t\t\t<section class=\"elementor-section elementor-top-section elementor-element elementor-element-27993f5 elementor-section-boxed elementor-section-height-default elementor-section-height-default\" data-id=\"27993f5\" data-element_type=\"section\" data-e-type=\"section\">\n\t\t\t\t\t\t<div class=\"elementor-container elementor-column-gap-default\">\n\t\t\t\t\t<div class=\"elementor-column elementor-col-100 elementor-top-column elementor-element elementor-element-d497fdc\" data-id=\"d497fdc\" data-element_type=\"column\" data-e-type=\"column\">\n\t\t\t<div class=\"elementor-widget-wrap elementor-element-populated\">\n\t\t\t\t\t\t<div class=\"elementor-element elementor-element-dc0ccfd elementor-widget elementor-widget-text-editor\" data-id=\"dc0ccfd\" data-element_type=\"widget\" data-e-type=\"widget\" data-widget_type=\"text-editor.default\">\n\t\t\t\t<div class=\"elementor-widget-container\">\n\t\t\t\t\t\t\t\t\t<div id=\"u3418-4\" class=\"clearfix grpelem\" data-muse-uid=\"U3418\" data-muse-type=\"txt_frame\" data-ibe-flags=\"txtStyleSrc\"><p>Contamos con diferentes sistemas para se\u00f1alizaci\u00f3n exterior resistente al agua, viento y rayos UV. Ideal para v\u00edas peatonales y vehiculares y eventos en campo abierto.<\/p><\/div><div id=\"u5529\" class=\"clearfix grpelem\"><div id=\"u5532-3\" class=\"museBGSize clearfix grpelem\" title=\"Se\u00f1alizaci\u00f3n Exterior\" data-muse-uid=\"U5532\" data-muse-type=\"txt_frame\" data-ibe-flags=\"txtStyleSrc\">\u00a0<\/div><\/div>\t\t\t\t\t\t\t\t<\/div>\n\t\t\t\t<\/div>\n\t\t\t\t\t<\/div>\n\t\t<\/div>\n\t\t\t\t\t<\/div>\n\t\t<\/section>\n\t\t\t\t<section class=\"elementor-section elementor-top-section elementor-element elementor-element-b31fd38 elementor-section-boxed elementor-section-height-default elementor-section-height-default\" data-id=\"b31fd38\" data-element_type=\"section\" data-e-type=\"section\">\n\t\t\t\t\t\t<div class=\"elementor-container elementor-column-gap-default\">\n\t\t\t\t\t<div class=\"elementor-column elementor-col-33 elementor-top-column elementor-element elementor-element-b91b3dd\" data-id=\"b91b3dd\" data-element_type=\"column\" data-e-type=\"column\">\n\t\t\t<div class=\"elementor-widget-wrap elementor-element-populated\">\n\t\t\t\t\t\t<div class=\"elementor-element elementor-element-08218d1 elementor-widget elementor-widget-text-editor\" data-id=\"08218d1\" data-element_type=\"widget\" data-e-type=\"widget\" data-widget_type=\"text-editor.default\">\n\t\t\t\t<div class=\"elementor-widget-container\">\n\t\t\t\t\t\t\t\t\t<ul><li>Soluciones Diferentes<\/li><\/ul>\t\t\t\t\t\t\t\t<\/div>\n\t\t\t\t<\/div>\n\t\t\t\t\t<\/div>\n\t\t<\/div>\n\t\t\t\t<div class=\"elementor-column elementor-col-33 elementor-top-column elementor-element elementor-element-b3ab2c9\" data-id=\"b3ab2c9\" data-element_type=\"column\" data-e-type=\"column\">\n\t\t\t<div class=\"elementor-widget-wrap elementor-element-populated\">\n\t\t\t\t\t\t<div class=\"elementor-element elementor-element-d2a9bbd elementor-widget elementor-widget-text-editor\" data-id=\"d2a9bbd\" data-element_type=\"widget\" data-e-type=\"widget\" data-widget_type=\"text-editor.default\">\n\t\t\t\t<div class=\"elementor-widget-container\">\n\t\t\t\t\t\t\t\t\t<ul><li>Excelente Calidad<\/li><\/ul>\t\t\t\t\t\t\t\t<\/div>\n\t\t\t\t<\/div>\n\t\t\t\t\t<\/div>\n\t\t<\/div>\n\t\t\t\t<div class=\"elementor-column elementor-col-33 elementor-top-column elementor-element elementor-element-b62bad1\" data-id=\"b62bad1\" data-element_type=\"column\" data-e-type=\"column\">\n\t\t\t<div class=\"elementor-widget-wrap elementor-element-populated\">\n\t\t\t\t\t\t<div class=\"elementor-element elementor-element-f24ff0e elementor-widget elementor-widget-text-editor\" data-id=\"f24ff0e\" data-element_type=\"widget\" data-e-type=\"widget\" data-widget_type=\"text-editor.default\">\n\t\t\t\t<div class=\"elementor-widget-container\">\n\t\t\t\t\t\t\t\t\t<ul><li>Sistemas Importados.\u00a0<\/li><\/ul>\t\t\t\t\t\t\t\t<\/div>\n\t\t\t\t<\/div>\n\t\t\t\t\t<\/div>\n\t\t<\/div>\n\t\t\t\t\t<\/div>\n\t\t<\/section>\n\t\t\t\t<section class=\"elementor-section elementor-top-section elementor-element elementor-element-0e0b310 elementor-section-boxed elementor-section-height-default elementor-section-height-default\" data-id=\"0e0b310\" data-element_type=\"section\" data-e-type=\"section\">\n\t\t\t\t\t\t<div class=\"elementor-container elementor-column-gap-default\">\n\t\t\t\t\t<div class=\"elementor-column elementor-col-25 elementor-top-column elementor-element elementor-element-9299eee\" data-id=\"9299eee\" data-element_type=\"column\" data-e-type=\"column\">\n\t\t\t<div class=\"elementor-widget-wrap elementor-element-populated\">\n\t\t\t\t\t\t<div class=\"elementor-element elementor-element-2a6df5c elementor-widget elementor-widget-image\" data-id=\"2a6df5c\" data-element_type=\"widget\" data-e-type=\"widget\" data-widget_type=\"image.default\">\n\t\t\t\t<div class=\"elementor-widget-container\">\n\t\t\t\t\t\t\t\t\t\t\t\t\t\t\t<img fetchpriority=\"high\" decoding=\"async\" width=\"269\" height=\"359\" src=\"https:\/\/senalescorporativas.com\/wp-content\/uploads\/2022\/09\/terranum002.jpg\" class=\"attachment-large size-large wp-image-1490\" alt=\"Se\u00f1al\u00e9tica Corporativa Exterior\" srcset=\"https:\/\/senalescorporativas.com\/wp-content\/uploads\/2022\/09\/terranum002.jpg 269w, https:\/\/senalescorporativas.com\/wp-content\/uploads\/2022\/09\/terranum002-225x300.jpg 225w\" sizes=\"(max-width: 269px) 100vw, 269px\" \/>\t\t\t\t\t\t\t\t\t\t\t\t\t\t\t<\/div>\n\t\t\t\t<\/div>\n\t\t\t\t\t<\/div>\n\t\t<\/div>\n\t\t\t\t<div class=\"elementor-column elementor-col-25 elementor-top-column elementor-element elementor-element-1fee2f9\" data-id=\"1fee2f9\" data-element_type=\"column\" data-e-type=\"column\">\n\t\t\t<div class=\"elementor-widget-wrap elementor-element-populated\">\n\t\t\t\t\t\t<div class=\"elementor-element elementor-element-ca8cd79 elementor-widget elementor-widget-image\" data-id=\"ca8cd79\" data-element_type=\"widget\" data-e-type=\"widget\" data-widget_type=\"image.default\">\n\t\t\t\t<div class=\"elementor-widget-container\">\n\t\t\t\t\t\t\t\t\t\t\t\t\t\t\t<img decoding=\"async\" width=\"252\" height=\"335\" src=\"https:\/\/senalescorporativas.com\/wp-content\/uploads\/2022\/09\/senalizacion_exterior_1.jpg\" class=\"attachment-large size-large wp-image-1497\" alt=\"\" srcset=\"https:\/\/senalescorporativas.com\/wp-content\/uploads\/2022\/09\/senalizacion_exterior_1.jpg 252w, https:\/\/senalescorporativas.com\/wp-content\/uploads\/2022\/09\/senalizacion_exterior_1-226x300.jpg 226w\" sizes=\"(max-width: 252px) 100vw, 252px\" \/>\t\t\t\t\t\t\t\t\t\t\t\t\t\t\t<\/div>\n\t\t\t\t<\/div>\n\t\t\t\t\t<\/div>\n\t\t<\/div>\n\t\t\t\t<div class=\"elementor-column elementor-col-25 elementor-top-column elementor-element elementor-element-99cf470\" data-id=\"99cf470\" data-element_type=\"column\" data-e-type=\"column\">\n\t\t\t<div class=\"elementor-widget-wrap elementor-element-populated\">\n\t\t\t\t\t\t<div class=\"elementor-element elementor-element-23afe10 elementor-widget elementor-widget-image\" data-id=\"23afe10\" data-element_type=\"widget\" data-e-type=\"widget\" data-widget_type=\"image.default\">\n\t\t\t\t<div class=\"elementor-widget-container\">\n\t\t\t\t\t\t\t\t\t\t\t\t\t\t\t<img decoding=\"async\" width=\"250\" height=\"335\" src=\"https:\/\/senalescorporativas.com\/wp-content\/uploads\/2022\/09\/senalizacion_exterior_2.jpg\" class=\"attachment-large size-large wp-image-1498\" alt=\"Portapendon para exteriores\" srcset=\"https:\/\/senalescorporativas.com\/wp-content\/uploads\/2022\/09\/senalizacion_exterior_2.jpg 250w, https:\/\/senalescorporativas.com\/wp-content\/uploads\/2022\/09\/senalizacion_exterior_2-224x300.jpg 224w\" sizes=\"(max-width: 250px) 100vw, 250px\" \/>\t\t\t\t\t\t\t\t\t\t\t\t\t\t\t<\/div>\n\t\t\t\t<\/div>\n\t\t\t\t\t<\/div>\n\t\t<\/div>\n\t\t\t\t<div class=\"elementor-column elementor-col-25 elementor-top-column elementor-element elementor-element-a1e4634\" data-id=\"a1e4634\" data-element_type=\"column\" data-e-type=\"column\">\n\t\t\t<div class=\"elementor-widget-wrap elementor-element-populated\">\n\t\t\t\t\t\t<div class=\"elementor-element elementor-element-f0c3d1d elementor-widget elementor-widget-image\" data-id=\"f0c3d1d\" data-element_type=\"widget\" data-e-type=\"widget\" data-widget_type=\"image.default\">\n\t\t\t\t<div class=\"elementor-widget-container\">\n\t\t\t\t\t\t\t\t\t\t\t\t\t\t\t<img loading=\"lazy\" decoding=\"async\" width=\"212\" height=\"292\" src=\"https:\/\/senalescorporativas.com\/wp-content\/uploads\/2022\/09\/senalizacion_exterior_3.jpg\" class=\"attachment-large size-large wp-image-1499\" alt=\"se\u00f1alizaci\u00f3n para exteriores\" \/>\t\t\t\t\t\t\t\t\t\t\t\t\t\t\t<\/div>\n\t\t\t\t<\/div>\n\t\t\t\t\t<\/div>\n\t\t<\/div>\n\t\t\t\t\t<\/div>\n\t\t<\/section>\n\t\t\t\t<section class=\"elementor-section elementor-top-section elementor-element elementor-element-ab89082 elementor-section-boxed elementor-section-height-default elementor-section-height-default\" data-id=\"ab89082\" data-element_type=\"section\" data-e-type=\"section\">\n\t\t\t\t\t\t<div class=\"elementor-container elementor-column-gap-default\">\n\t\t\t\t\t<div class=\"elementor-column elementor-col-100 elementor-top-column elementor-element elementor-element-626d030\" data-id=\"626d030\" data-element_type=\"column\" data-e-type=\"column\">\n\t\t\t<div class=\"elementor-widget-wrap elementor-element-populated\">\n\t\t\t\t\t\t<div class=\"elementor-element elementor-element-b36343c elementor-widget elementor-widget-spacer\" data-id=\"b36343c\" data-element_type=\"widget\" data-e-type=\"widget\" data-widget_type=\"spacer.default\">\n\t\t\t\t<div class=\"elementor-widget-container\">\n\t\t\t\t\t\t\t<div class=\"elementor-spacer\">\n\t\t\t<div class=\"elementor-spacer-inner\"><\/div>\n\t\t<\/div>\n\t\t\t\t\t\t<\/div>\n\t\t\t\t<\/div>\n\t\t\t\t\t<\/div>\n\t\t<\/div>\n\t\t\t\t\t<\/div>\n\t\t<\/section>\n\t\t\t\t<\/div>\n\t\t","protected":false},"excerpt":{"rendered":"<p>Se\u00f1alizaci\u00f3n Exterior Contamos con diferentes sistemas para se\u00f1alizaci\u00f3n exterior resistente al agua, viento y rayos UV. Ideal para v\u00edas peatonales y vehiculares y eventos en campo abierto. \u00a0 Soluciones Diferentes Excelente Calidad Sistemas Importados.\u00a0<\/p>\n","protected":false},"author":1,"featured_media":1490,"parent":0,"menu_order":0,"comment_status":"closed","ping_status":"closed","template":"elementor_header_footer","meta":{"footnotes":""},"class_list":["post-46","page","type-page","status-publish","has-post-thumbnail","hentry"],"yoast_head":"<!-- This site is optimized with the Yoast SEO Premium plugin v25.6 (Yoast SEO v27.4) - https:\/\/yoast.com\/product\/yoast-seo-premium-wordpress\/ -->\n<title>Se\u00f1alizaci\u00f3n Exterior para Edificios, Bodegas, Parqueaderos<\/title>\n<meta name=\"description\" content=\"En ser digital Full Branding somos especialestas en elaborar se\u00f1ales corporativas de exteriores para Edificios, Bodegas y Parqueaderos.\" \/>\n<meta name=\"robots\" content=\"index, follow, max-snippet:-1, max-image-preview:large, max-video-preview:-1\" \/>\n<link rel=\"canonical\" href=\"https:\/\/senalescorporativas.com\/index.php\/senalizacion-exterior\/\" \/>\n<meta property=\"og:locale\" content=\"es_ES\" \/>\n<meta property=\"og:type\" content=\"article\" \/>\n<meta property=\"og:title\" content=\"Se\u00f1alizaci\u00f3n Exterior\" \/>\n<meta property=\"og:description\" content=\"En ser digital Full Branding somos especialestas en elaborar se\u00f1ales corporativas de exteriores para Edificios, Bodegas y Parqueaderos.\" \/>\n<meta property=\"og:url\" content=\"https:\/\/senalescorporativas.com\/index.php\/senalizacion-exterior\/\" \/>\n<meta property=\"og:site_name\" content=\"Se\u00f1alizaci\u00f3n Corporativa\" \/>\n<meta property=\"article:modified_time\" content=\"2024-08-12T13:32:53+00:00\" \/>\n<meta property=\"og:image\" content=\"https:\/\/senalescorporativas.com\/wp-content\/uploads\/2022\/09\/terranum002.jpg\" \/>\n\t<meta property=\"og:image:width\" content=\"269\" \/>\n\t<meta property=\"og:image:height\" content=\"359\" \/>\n\t<meta property=\"og:image:type\" content=\"image\/jpeg\" \/>\n<meta name=\"twitter:card\" content=\"summary_large_image\" \/>\n<meta name=\"twitter:label1\" content=\"Tiempo de lectura\" \/>\n\t<meta name=\"twitter:data1\" content=\"2 minutos\" \/>\n<script type=\"application\/ld+json\" class=\"yoast-schema-graph\">{\"@context\":\"https:\\\/\\\/schema.org\",\"@graph\":[{\"@type\":\"WebPage\",\"@id\":\"https:\\\/\\\/senalescorporativas.com\\\/index.php\\\/senalizacion-exterior\\\/\",\"url\":\"https:\\\/\\\/senalescorporativas.com\\\/index.php\\\/senalizacion-exterior\\\/\",\"name\":\"Se\u00f1alizaci\u00f3n Exterior para Edificios, Bodegas, Parqueaderos\",\"isPartOf\":{\"@id\":\"https:\\\/\\\/senalescorporativas.com\\\/#website\"},\"primaryImageOfPage\":{\"@id\":\"https:\\\/\\\/senalescorporativas.com\\\/index.php\\\/senalizacion-exterior\\\/#primaryimage\"},\"image\":{\"@id\":\"https:\\\/\\\/senalescorporativas.com\\\/index.php\\\/senalizacion-exterior\\\/#primaryimage\"},\"thumbnailUrl\":\"https:\\\/\\\/senalescorporativas.com\\\/wp-content\\\/uploads\\\/2022\\\/09\\\/terranum002.jpg\",\"datePublished\":\"2022-09-05T19:58:11+00:00\",\"dateModified\":\"2024-08-12T13:32:53+00:00\",\"description\":\"En ser digital Full Branding somos especialestas en elaborar se\u00f1ales corporativas de exteriores para Edificios, Bodegas y Parqueaderos.\",\"breadcrumb\":{\"@id\":\"https:\\\/\\\/senalescorporativas.com\\\/index.php\\\/senalizacion-exterior\\\/#breadcrumb\"},\"inLanguage\":\"es\",\"potentialAction\":[{\"@type\":\"ReadAction\",\"target\":[\"https:\\\/\\\/senalescorporativas.com\\\/index.php\\\/senalizacion-exterior\\\/\"]}]},{\"@type\":\"ImageObject\",\"inLanguage\":\"es\",\"@id\":\"https:\\\/\\\/senalescorporativas.com\\\/index.php\\\/senalizacion-exterior\\\/#primaryimage\",\"url\":\"https:\\\/\\\/senalescorporativas.com\\\/wp-content\\\/uploads\\\/2022\\\/09\\\/terranum002.jpg\",\"contentUrl\":\"https:\\\/\\\/senalescorporativas.com\\\/wp-content\\\/uploads\\\/2022\\\/09\\\/terranum002.jpg\",\"width\":269,\"height\":359,\"caption\":\"Se\u00f1al\u00e9tica Corporativa Exterior\"},{\"@type\":\"BreadcrumbList\",\"@id\":\"https:\\\/\\\/senalescorporativas.com\\\/index.php\\\/senalizacion-exterior\\\/#breadcrumb\",\"itemListElement\":[{\"@type\":\"ListItem\",\"position\":1,\"name\":\"Portada\",\"item\":\"https:\\\/\\\/senalescorporativas.com\\\/\"},{\"@type\":\"ListItem\",\"position\":2,\"name\":\"Se\u00f1alizaci\u00f3n Exterior\"}]},{\"@type\":\"WebSite\",\"@id\":\"https:\\\/\\\/senalescorporativas.com\\\/#website\",\"url\":\"https:\\\/\\\/senalescorporativas.com\\\/\",\"name\":\"Se\u00f1alizaci\u00f3n Corporativa\",\"description\":\"Se\u00f1ales Corporativas - Ser Digital\",\"publisher\":{\"@id\":\"https:\\\/\\\/senalescorporativas.com\\\/#organization\"},\"alternateName\":\"Ser Digital Full Branding\",\"potentialAction\":[{\"@type\":\"SearchAction\",\"target\":{\"@type\":\"EntryPoint\",\"urlTemplate\":\"https:\\\/\\\/senalescorporativas.com\\\/?s={search_term_string}\"},\"query-input\":{\"@type\":\"PropertyValueSpecification\",\"valueRequired\":true,\"valueName\":\"search_term_string\"}}],\"inLanguage\":\"es\"},{\"@type\":\"Organization\",\"@id\":\"https:\\\/\\\/senalescorporativas.com\\\/#organization\",\"name\":\"Se\u00f1alizaci\u00f3n Corporativa Ser Digital\",\"url\":\"https:\\\/\\\/senalescorporativas.com\\\/\",\"logo\":{\"@type\":\"ImageObject\",\"inLanguage\":\"es\",\"@id\":\"https:\\\/\\\/senalescorporativas.com\\\/#\\\/schema\\\/logo\\\/image\\\/\",\"url\":\"https:\\\/\\\/senalescorporativas.com\\\/wp-content\\\/uploads\\\/2022\\\/09\\\/cropped-logoserdigitalicon-1.png\",\"contentUrl\":\"https:\\\/\\\/senalescorporativas.com\\\/wp-content\\\/uploads\\\/2022\\\/09\\\/cropped-logoserdigitalicon-1.png\",\"width\":513,\"height\":232,\"caption\":\"Se\u00f1alizaci\u00f3n Corporativa Ser Digital\"},\"image\":{\"@id\":\"https:\\\/\\\/senalescorporativas.com\\\/#\\\/schema\\\/logo\\\/image\\\/\"},\"sameAs\":[\"https:\\\/\\\/www.linkedin.com\\\/company\\\/75437757\\\/admin\\\/feed\\\/posts\\\/\",\"https:\\\/\\\/www.instagram.com\\\/serdigital\\\/\"]}]}<\/script>\n<!-- \/ Yoast SEO Premium plugin. -->","yoast_head_json":{"title":"Se\u00f1alizaci\u00f3n Exterior para Edificios, Bodegas, Parqueaderos","description":"En ser digital Full Branding somos especialestas en elaborar se\u00f1ales corporativas de exteriores para Edificios, Bodegas y Parqueaderos.","robots":{"index":"index","follow":"follow","max-snippet":"max-snippet:-1","max-image-preview":"max-image-preview:large","max-video-preview":"max-video-preview:-1"},"canonical":"https:\/\/senalescorporativas.com\/index.php\/senalizacion-exterior\/","og_locale":"es_ES","og_type":"article","og_title":"Se\u00f1alizaci\u00f3n Exterior","og_description":"En ser digital Full Branding somos especialestas en elaborar se\u00f1ales corporativas de exteriores para Edificios, Bodegas y Parqueaderos.","og_url":"https:\/\/senalescorporativas.com\/index.php\/senalizacion-exterior\/","og_site_name":"Se\u00f1alizaci\u00f3n Corporativa","article_modified_time":"2024-08-12T13:32:53+00:00","og_image":[{"width":269,"height":359,"url":"https:\/\/senalescorporativas.com\/wp-content\/uploads\/2022\/09\/terranum002.jpg","type":"image\/jpeg"}],"twitter_card":"summary_large_image","twitter_misc":{"Tiempo de lectura":"2 minutos"},"schema":{"@context":"https:\/\/schema.org","@graph":[{"@type":"WebPage","@id":"https:\/\/senalescorporativas.com\/index.php\/senalizacion-exterior\/","url":"https:\/\/senalescorporativas.com\/index.php\/senalizacion-exterior\/","name":"Se\u00f1alizaci\u00f3n Exterior para Edificios, Bodegas, Parqueaderos","isPartOf":{"@id":"https:\/\/senalescorporativas.com\/#website"},"primaryImageOfPage":{"@id":"https:\/\/senalescorporativas.com\/index.php\/senalizacion-exterior\/#primaryimage"},"image":{"@id":"https:\/\/senalescorporativas.com\/index.php\/senalizacion-exterior\/#primaryimage"},"thumbnailUrl":"https:\/\/senalescorporativas.com\/wp-content\/uploads\/2022\/09\/terranum002.jpg","datePublished":"2022-09-05T19:58:11+00:00","dateModified":"2024-08-12T13:32:53+00:00","description":"En ser digital Full Branding somos especialestas en elaborar se\u00f1ales corporativas de exteriores para Edificios, Bodegas y Parqueaderos.","breadcrumb":{"@id":"https:\/\/senalescorporativas.com\/index.php\/senalizacion-exterior\/#breadcrumb"},"inLanguage":"es","potentialAction":[{"@type":"ReadAction","target":["https:\/\/senalescorporativas.com\/index.php\/senalizacion-exterior\/"]}]},{"@type":"ImageObject","inLanguage":"es","@id":"https:\/\/senalescorporativas.com\/index.php\/senalizacion-exterior\/#primaryimage","url":"https:\/\/senalescorporativas.com\/wp-content\/uploads\/2022\/09\/terranum002.jpg","contentUrl":"https:\/\/senalescorporativas.com\/wp-content\/uploads\/2022\/09\/terranum002.jpg","width":269,"height":359,"caption":"Se\u00f1al\u00e9tica Corporativa Exterior"},{"@type":"BreadcrumbList","@id":"https:\/\/senalescorporativas.com\/index.php\/senalizacion-exterior\/#breadcrumb","itemListElement":[{"@type":"ListItem","position":1,"name":"Portada","item":"https:\/\/senalescorporativas.com\/"},{"@type":"ListItem","position":2,"name":"Se\u00f1alizaci\u00f3n Exterior"}]},{"@type":"WebSite","@id":"https:\/\/senalescorporativas.com\/#website","url":"https:\/\/senalescorporativas.com\/","name":"Se\u00f1alizaci\u00f3n Corporativa","description":"Se\u00f1ales Corporativas - Ser Digital","publisher":{"@id":"https:\/\/senalescorporativas.com\/#organization"},"alternateName":"Ser Digital Full Branding","potentialAction":[{"@type":"SearchAction","target":{"@type":"EntryPoint","urlTemplate":"https:\/\/senalescorporativas.com\/?s={search_term_string}"},"query-input":{"@type":"PropertyValueSpecification","valueRequired":true,"valueName":"search_term_string"}}],"inLanguage":"es"},{"@type":"Organization","@id":"https:\/\/senalescorporativas.com\/#organization","name":"Se\u00f1alizaci\u00f3n Corporativa Ser Digital","url":"https:\/\/senalescorporativas.com\/","logo":{"@type":"ImageObject","inLanguage":"es","@id":"https:\/\/senalescorporativas.com\/#\/schema\/logo\/image\/","url":"https:\/\/senalescorporativas.com\/wp-content\/uploads\/2022\/09\/cropped-logoserdigitalicon-1.png","contentUrl":"https:\/\/senalescorporativas.com\/wp-content\/uploads\/2022\/09\/cropped-logoserdigitalicon-1.png","width":513,"height":232,"caption":"Se\u00f1alizaci\u00f3n Corporativa Ser Digital"},"image":{"@id":"https:\/\/senalescorporativas.com\/#\/schema\/logo\/image\/"},"sameAs":["https:\/\/www.linkedin.com\/company\/75437757\/admin\/feed\/posts\/","https:\/\/www.instagram.com\/serdigital\/"]}]}},"_links":{"self":[{"href":"https:\/\/senalescorporativas.com\/index.php\/wp-json\/wp\/v2\/pages\/46","targetHints":{"allow":["GET"]}}],"collection":[{"href":"https:\/\/senalescorporativas.com\/index.php\/wp-json\/wp\/v2\/pages"}],"about":[{"href":"https:\/\/senalescorporativas.com\/index.php\/wp-json\/wp\/v2\/types\/page"}],"author":[{"embeddable":true,"href":"https:\/\/senalescorporativas.com\/index.php\/wp-json\/wp\/v2\/users\/1"}],"replies":[{"embeddable":true,"href":"https:\/\/senalescorporativas.com\/index.php\/wp-json\/wp\/v2\/comments?post=46"}],"version-history":[{"count":5,"href":"https:\/\/senalescorporativas.com\/index.php\/wp-json\/wp\/v2\/pages\/46\/revisions"}],"predecessor-version":[{"id":2399,"href":"https:\/\/senalescorporativas.com\/index.php\/wp-json\/wp\/v2\/pages\/46\/revisions\/2399"}],"wp:featuredmedia":[{"embeddable":true,"href":"https:\/\/senalescorporativas.com\/index.php\/wp-json\/wp\/v2\/media\/1490"}],"wp:attachment":[{"href":"https:\/\/senalescorporativas.com\/index.php\/wp-json\/wp\/v2\/media?parent=46"}],"curies":[{"name":"wp","href":"https:\/\/api.w.org\/{rel}","templated":true}]}}