{"id":52,"date":"2022-09-05T20:20:58","date_gmt":"2022-09-05T20:20:58","guid":{"rendered":"http:\/\/senalescorporativas.com\/?page_id=52"},"modified":"2024-06-20T20:02:46","modified_gmt":"2024-06-20T20:02:46","slug":"peliculas-para-vidrios","status":"publish","type":"page","link":"https:\/\/senalescorporativas.com\/index.php\/peliculas-para-vidrios\/","title":{"rendered":"Pel\u00edculas para Vidrios"},"content":{"rendered":"\t\t<div data-elementor-type=\"wp-page\" data-elementor-id=\"52\" class=\"elementor elementor-52\" data-elementor-post-type=\"page\">\n\t\t\t\t\t\t<section class=\"elementor-section elementor-top-section elementor-element elementor-element-04db4c3 elementor-section-boxed elementor-section-height-default elementor-section-height-default\" data-id=\"04db4c3\" data-element_type=\"section\" data-e-type=\"section\">\n\t\t\t\t\t\t<div class=\"elementor-container elementor-column-gap-default\">\n\t\t\t\t\t<div class=\"elementor-column elementor-col-100 elementor-top-column elementor-element elementor-element-eee6151\" data-id=\"eee6151\" data-element_type=\"column\" data-e-type=\"column\">\n\t\t\t<div class=\"elementor-widget-wrap elementor-element-populated\">\n\t\t\t\t\t\t<div class=\"elementor-element elementor-element-5f01eb6 elementor-view-stacked elementor-shape-circle elementor-position-block-start elementor-mobile-position-block-start elementor-widget elementor-widget-icon-box\" data-id=\"5f01eb6\" data-element_type=\"widget\" data-e-type=\"widget\" data-widget_type=\"icon-box.default\">\n\t\t\t\t<div class=\"elementor-widget-container\">\n\t\t\t\t\t\t\t<div class=\"elementor-icon-box-wrapper\">\n\n\t\t\t\t\t\t<div class=\"elementor-icon-box-icon\">\n\t\t\t\t<span  class=\"elementor-icon\">\n\t\t\t\t<i aria-hidden=\"true\" class=\"fab fa-hive\"><\/i>\t\t\t\t<\/span>\n\t\t\t<\/div>\n\t\t\t\n\t\t\t\t\t\t<div class=\"elementor-icon-box-content\">\n\n\t\t\t\t\t\t\t\t\t<h3 class=\"elementor-icon-box-title\">\n\t\t\t\t\t\t<span  >\n\t\t\t\t\t\t\tPel\u00edculas para Vidrios\t\t\t\t\t\t<\/span>\n\t\t\t\t\t<\/h3>\n\t\t\t\t\n\t\t\t\t\n\t\t\t<\/div>\n\t\t\t\n\t\t<\/div>\n\t\t\t\t\t\t<\/div>\n\t\t\t\t<\/div>\n\t\t\t\t\t<\/div>\n\t\t<\/div>\n\t\t\t\t\t<\/div>\n\t\t<\/section>\n\t\t\t\t<section class=\"elementor-section elementor-top-section elementor-element elementor-element-5d79ff8 elementor-section-boxed elementor-section-height-default elementor-section-height-default\" data-id=\"5d79ff8\" data-element_type=\"section\" data-e-type=\"section\">\n\t\t\t\t\t\t<div class=\"elementor-container elementor-column-gap-default\">\n\t\t\t\t\t<div class=\"elementor-column elementor-col-100 elementor-top-column elementor-element elementor-element-03b19df\" data-id=\"03b19df\" data-element_type=\"column\" data-e-type=\"column\">\n\t\t\t<div class=\"elementor-widget-wrap elementor-element-populated\">\n\t\t\t\t\t\t<div class=\"elementor-element elementor-element-250c57a elementor-widget elementor-widget-text-editor\" data-id=\"250c57a\" data-element_type=\"widget\" data-e-type=\"widget\" data-widget_type=\"text-editor.default\">\n\t\t\t\t<div class=\"elementor-widget-container\">\n\t\t\t\t\t\t\t\t\t<p>Ofrecemos diferentes alternativas de pel\u00edcula para vidrio seg\u00fan la necesidad. Para fachadas o vidrios internos.<\/p>\t\t\t\t\t\t\t\t<\/div>\n\t\t\t\t<\/div>\n\t\t\t\t\t<\/div>\n\t\t<\/div>\n\t\t\t\t\t<\/div>\n\t\t<\/section>\n\t\t\t\t<section class=\"elementor-section elementor-top-section elementor-element elementor-element-7384808 elementor-section-boxed elementor-section-height-default elementor-section-height-default\" data-id=\"7384808\" data-element_type=\"section\" data-e-type=\"section\">\n\t\t\t\t\t\t<div class=\"elementor-container elementor-column-gap-default\">\n\t\t\t\t\t<div class=\"elementor-column elementor-col-50 elementor-top-column elementor-element elementor-element-8c0fd62\" data-id=\"8c0fd62\" data-element_type=\"column\" data-e-type=\"column\">\n\t\t\t<div class=\"elementor-widget-wrap elementor-element-populated\">\n\t\t\t\t\t\t<div class=\"elementor-element elementor-element-71f1678 elementor-widget elementor-widget-text-editor\" data-id=\"71f1678\" data-element_type=\"widget\" data-e-type=\"widget\" data-widget_type=\"text-editor.default\">\n\t\t\t\t<div class=\"elementor-widget-container\">\n\t\t\t\t\t\t\t\t\t<ul><li>Decorativas<\/li><li>Frosted<\/li><li>Pel\u00edcula Impresa<\/li><li>Micro Perforada<\/li><\/ul>\t\t\t\t\t\t\t\t<\/div>\n\t\t\t\t<\/div>\n\t\t\t\t\t<\/div>\n\t\t<\/div>\n\t\t\t\t<div class=\"elementor-column elementor-col-50 elementor-top-column elementor-element elementor-element-e00abee\" data-id=\"e00abee\" data-element_type=\"column\" data-e-type=\"column\">\n\t\t\t<div class=\"elementor-widget-wrap elementor-element-populated\">\n\t\t\t\t\t\t<div class=\"elementor-element elementor-element-24f0aa1 elementor-widget elementor-widget-text-editor\" data-id=\"24f0aa1\" data-element_type=\"widget\" data-e-type=\"widget\" data-widget_type=\"text-editor.default\">\n\t\t\t\t<div class=\"elementor-widget-container\">\n\t\t\t\t\t\t\t\t\t<ul><li>Polarizada<\/li><li>Control Solar con filtro UV<\/li><li>Pel\u00edculas de Seguridad<\/li><\/ul>\t\t\t\t\t\t\t\t<\/div>\n\t\t\t\t<\/div>\n\t\t\t\t\t<\/div>\n\t\t<\/div>\n\t\t\t\t\t<\/div>\n\t\t<\/section>\n\t\t\t\t<section class=\"elementor-section elementor-top-section elementor-element elementor-element-3f9da39 elementor-section-boxed elementor-section-height-default elementor-section-height-default\" data-id=\"3f9da39\" data-element_type=\"section\" data-e-type=\"section\">\n\t\t\t\t\t\t<div class=\"elementor-container elementor-column-gap-default\">\n\t\t\t\t\t<div class=\"elementor-column elementor-col-50 elementor-top-column elementor-element elementor-element-240ebf5\" data-id=\"240ebf5\" data-element_type=\"column\" data-e-type=\"column\">\n\t\t\t<div class=\"elementor-widget-wrap elementor-element-populated\">\n\t\t\t\t\t\t<div class=\"elementor-element elementor-element-2a6bdbb elementor-widget elementor-widget-image\" data-id=\"2a6bdbb\" data-element_type=\"widget\" data-e-type=\"widget\" data-widget_type=\"image.default\">\n\t\t\t\t<div class=\"elementor-widget-container\">\n\t\t\t\t\t\t\t\t\t\t\t\t\t\t\t<img fetchpriority=\"high\" decoding=\"async\" width=\"800\" height=\"600\" src=\"https:\/\/senalescorporativas.com\/wp-content\/uploads\/2024\/06\/vinilo_frosted.webp\" class=\"attachment-large size-large wp-image-2195\" alt=\"\" srcset=\"https:\/\/senalescorporativas.com\/wp-content\/uploads\/2024\/06\/vinilo_frosted.webp 800w, https:\/\/senalescorporativas.com\/wp-content\/uploads\/2024\/06\/vinilo_frosted-300x225.webp 300w, https:\/\/senalescorporativas.com\/wp-content\/uploads\/2024\/06\/vinilo_frosted-768x576.webp 768w\" sizes=\"(max-width: 800px) 100vw, 800px\" \/>\t\t\t\t\t\t\t\t\t\t\t\t\t\t\t<\/div>\n\t\t\t\t<\/div>\n\t\t\t\t<div class=\"elementor-element elementor-element-4a21747 elementor-widget elementor-widget-text-editor\" data-id=\"4a21747\" data-element_type=\"widget\" data-e-type=\"widget\" data-widget_type=\"text-editor.default\">\n\t\t\t\t<div class=\"elementor-widget-container\">\n\t\t\t\t\t\t\t\t\t<p>Vinilo Frosted sobre vidrio\u00a0<\/p>\t\t\t\t\t\t\t\t<\/div>\n\t\t\t\t<\/div>\n\t\t\t\t\t<\/div>\n\t\t<\/div>\n\t\t\t\t<div class=\"elementor-column elementor-col-50 elementor-top-column elementor-element elementor-element-56e4888\" data-id=\"56e4888\" data-element_type=\"column\" data-e-type=\"column\">\n\t\t\t<div class=\"elementor-widget-wrap elementor-element-populated\">\n\t\t\t\t\t\t<div class=\"elementor-element elementor-element-a4d8838 elementor-widget elementor-widget-image\" data-id=\"a4d8838\" data-element_type=\"widget\" data-e-type=\"widget\" data-widget_type=\"image.default\">\n\t\t\t\t<div class=\"elementor-widget-container\">\n\t\t\t\t\t\t\t\t\t\t\t\t\t\t\t<img decoding=\"async\" width=\"800\" height=\"600\" src=\"https:\/\/senalescorporativas.com\/wp-content\/uploads\/2024\/06\/tinta-blanca-sobre-vinilo-clear.webp\" class=\"attachment-large size-large wp-image-2199\" alt=\"\" srcset=\"https:\/\/senalescorporativas.com\/wp-content\/uploads\/2024\/06\/tinta-blanca-sobre-vinilo-clear.webp 800w, https:\/\/senalescorporativas.com\/wp-content\/uploads\/2024\/06\/tinta-blanca-sobre-vinilo-clear-300x225.webp 300w, https:\/\/senalescorporativas.com\/wp-content\/uploads\/2024\/06\/tinta-blanca-sobre-vinilo-clear-768x576.webp 768w\" sizes=\"(max-width: 800px) 100vw, 800px\" \/>\t\t\t\t\t\t\t\t\t\t\t\t\t\t\t<\/div>\n\t\t\t\t<\/div>\n\t\t\t\t<div class=\"elementor-element elementor-element-da389b1 elementor-widget elementor-widget-text-editor\" data-id=\"da389b1\" data-element_type=\"widget\" data-e-type=\"widget\" data-widget_type=\"text-editor.default\">\n\t\t\t\t<div class=\"elementor-widget-container\">\n\t\t\t\t\t\t\t\t\t<p>Tinta Blanca sobre vinilo Clear<\/p>\t\t\t\t\t\t\t\t<\/div>\n\t\t\t\t<\/div>\n\t\t\t\t\t<\/div>\n\t\t<\/div>\n\t\t\t\t\t<\/div>\n\t\t<\/section>\n\t\t\t\t<section class=\"elementor-section elementor-top-section elementor-element elementor-element-387d04e elementor-section-boxed elementor-section-height-default elementor-section-height-default\" data-id=\"387d04e\" data-element_type=\"section\" data-e-type=\"section\" data-settings=\"{&quot;background_background&quot;:&quot;classic&quot;}\">\n\t\t\t\t\t\t<div class=\"elementor-container elementor-column-gap-default\">\n\t\t\t\t\t<div class=\"elementor-column elementor-col-100 elementor-top-column elementor-element elementor-element-c6b0d9a\" data-id=\"c6b0d9a\" data-element_type=\"column\" data-e-type=\"column\">\n\t\t\t<div class=\"elementor-widget-wrap elementor-element-populated\">\n\t\t\t\t\t\t<div class=\"elementor-element elementor-element-10458bd elementor-widget elementor-widget-text-editor\" data-id=\"10458bd\" data-element_type=\"widget\" data-e-type=\"widget\" data-widget_type=\"text-editor.default\">\n\t\t\t\t<div class=\"elementor-widget-container\">\n\t\t\t\t\t\t\t\t\t<p>\u00a1Mejora tu entorno laboral con nuestras pel\u00edculas para vidrios y experimenta la diferencia!<\/p>\t\t\t\t\t\t\t\t<\/div>\n\t\t\t\t<\/div>\n\t\t\t\t\t<\/div>\n\t\t<\/div>\n\t\t\t\t\t<\/div>\n\t\t<\/section>\n\t\t\t\t<section class=\"elementor-section elementor-top-section elementor-element elementor-element-44913f9 elementor-section-boxed elementor-section-height-default elementor-section-height-default\" data-id=\"44913f9\" data-element_type=\"section\" data-e-type=\"section\">\n\t\t\t\t\t\t<div class=\"elementor-container elementor-column-gap-default\">\n\t\t\t\t\t<div class=\"elementor-column elementor-col-50 elementor-top-column elementor-element elementor-element-48bc1c5\" data-id=\"48bc1c5\" data-element_type=\"column\" data-e-type=\"column\">\n\t\t\t<div class=\"elementor-widget-wrap elementor-element-populated\">\n\t\t\t\t\t\t<div class=\"elementor-element elementor-element-f12faa3 elementor-widget elementor-widget-image\" data-id=\"f12faa3\" data-element_type=\"widget\" data-e-type=\"widget\" data-widget_type=\"image.default\">\n\t\t\t\t<div class=\"elementor-widget-container\">\n\t\t\t\t\t\t\t\t\t\t\t\t\t\t\t<img decoding=\"async\" width=\"269\" height=\"359\" src=\"https:\/\/senalescorporativas.com\/wp-content\/uploads\/2022\/09\/famisanar-01-1.jpg\" class=\"attachment-large size-large wp-image-1153\" alt=\"Pel\u00edculas Para Vidrios\" srcset=\"https:\/\/senalescorporativas.com\/wp-content\/uploads\/2022\/09\/famisanar-01-1.jpg 269w, https:\/\/senalescorporativas.com\/wp-content\/uploads\/2022\/09\/famisanar-01-1-225x300.jpg 225w\" sizes=\"(max-width: 269px) 100vw, 269px\" \/>\t\t\t\t\t\t\t\t\t\t\t\t\t\t\t<\/div>\n\t\t\t\t<\/div>\n\t\t\t\t\t<\/div>\n\t\t<\/div>\n\t\t\t\t<div class=\"elementor-column elementor-col-50 elementor-top-column elementor-element elementor-element-bb1d044\" data-id=\"bb1d044\" data-element_type=\"column\" data-e-type=\"column\">\n\t\t\t<div class=\"elementor-widget-wrap elementor-element-populated\">\n\t\t\t\t\t\t<div class=\"elementor-element elementor-element-86a1997 elementor-widget elementor-widget-image\" data-id=\"86a1997\" data-element_type=\"widget\" data-e-type=\"widget\" data-widget_type=\"image.default\">\n\t\t\t\t<div class=\"elementor-widget-container\">\n\t\t\t\t\t\t\t\t\t\t\t\t\t\t\t<img loading=\"lazy\" decoding=\"async\" width=\"269\" height=\"359\" src=\"https:\/\/senalescorporativas.com\/wp-content\/uploads\/2022\/09\/004.jpg\" class=\"attachment-large size-large wp-image-1157\" alt=\"\" srcset=\"https:\/\/senalescorporativas.com\/wp-content\/uploads\/2022\/09\/004.jpg 269w, https:\/\/senalescorporativas.com\/wp-content\/uploads\/2022\/09\/004-225x300.jpg 225w\" sizes=\"(max-width: 269px) 100vw, 269px\" \/>\t\t\t\t\t\t\t\t\t\t\t\t\t\t\t<\/div>\n\t\t\t\t<\/div>\n\t\t\t\t\t<\/div>\n\t\t<\/div>\n\t\t\t\t\t<\/div>\n\t\t<\/section>\n\t\t\t\t<section class=\"elementor-section elementor-top-section elementor-element elementor-element-15a3810 elementor-section-boxed elementor-section-height-default elementor-section-height-default\" data-id=\"15a3810\" data-element_type=\"section\" data-e-type=\"section\">\n\t\t\t\t\t\t<div class=\"elementor-container elementor-column-gap-default\">\n\t\t\t\t\t<div class=\"elementor-column elementor-col-100 elementor-top-column elementor-element elementor-element-77ccd06\" data-id=\"77ccd06\" data-element_type=\"column\" data-e-type=\"column\">\n\t\t\t<div class=\"elementor-widget-wrap elementor-element-populated\">\n\t\t\t\t\t\t<div class=\"elementor-element elementor-element-82b12f2 elementor-widget elementor-widget-spacer\" data-id=\"82b12f2\" data-element_type=\"widget\" data-e-type=\"widget\" data-widget_type=\"spacer.default\">\n\t\t\t\t<div class=\"elementor-widget-container\">\n\t\t\t\t\t\t\t<div class=\"elementor-spacer\">\n\t\t\t<div class=\"elementor-spacer-inner\"><\/div>\n\t\t<\/div>\n\t\t\t\t\t\t<\/div>\n\t\t\t\t<\/div>\n\t\t\t\t\t<\/div>\n\t\t<\/div>\n\t\t\t\t\t<\/div>\n\t\t<\/section>\n\t\t\t\t<\/div>\n\t\t","protected":false},"excerpt":{"rendered":"<p>Pel\u00edculas para Vidrios Ofrecemos diferentes alternativas de pel\u00edcula para vidrio seg\u00fan la necesidad. Para fachadas o vidrios internos. Decorativas Frosted Pel\u00edcula Impresa Micro Perforada Polarizada Control Solar con filtro UV Pel\u00edculas de Seguridad Vinilo Frosted sobre vidrio\u00a0 Tinta Blanca sobre vinilo Clear \u00a1Mejora tu entorno laboral con nuestras pel\u00edculas para vidrios y experimenta la diferencia!<\/p>\n","protected":false},"author":1,"featured_media":1153,"parent":0,"menu_order":0,"comment_status":"closed","ping_status":"closed","template":"elementor_header_footer","meta":{"footnotes":""},"class_list":["post-52","page","type-page","status-publish","has-post-thumbnail","hentry"],"yoast_head":"<!-- This site is optimized with the Yoast SEO Premium plugin v25.6 (Yoast SEO v27.4) - https:\/\/yoast.com\/product\/yoast-seo-premium-wordpress\/ -->\n<title>Pel\u00edcula Decorativa Para Vidrios - Ser Digital Full Branding<\/title>\n<meta name=\"description\" content=\"Pel\u00edculas para vidrios Decorativas, Frosted, Impresas, Micro perforadas, Polarizadas, Control Solar con Filtro UV, Pel\u00edculas de Seguridad\" \/>\n<meta name=\"robots\" content=\"index, follow, max-snippet:-1, max-image-preview:large, max-video-preview:-1\" \/>\n<link rel=\"canonical\" href=\"https:\/\/senalescorporativas.com\/index.php\/peliculas-para-vidrios\/\" \/>\n<meta property=\"og:locale\" content=\"es_ES\" \/>\n<meta property=\"og:type\" content=\"article\" \/>\n<meta property=\"og:title\" content=\"Pel\u00edculas para Vidrios\" \/>\n<meta property=\"og:description\" content=\"Pel\u00edculas para vidrios Decorativas, Frosted, Impresas, Micro perforadas, Polarizadas, Control Solar con Filtro UV, Pel\u00edculas de Seguridad\" \/>\n<meta property=\"og:url\" content=\"https:\/\/senalescorporativas.com\/index.php\/peliculas-para-vidrios\/\" \/>\n<meta property=\"og:site_name\" content=\"Se\u00f1alizaci\u00f3n Corporativa\" \/>\n<meta property=\"article:modified_time\" content=\"2024-06-20T20:02:46+00:00\" \/>\n<meta property=\"og:image\" content=\"https:\/\/senalescorporativas.com\/wp-content\/uploads\/2022\/09\/famisanar-01-1.jpg\" \/>\n\t<meta property=\"og:image:width\" content=\"269\" \/>\n\t<meta property=\"og:image:height\" content=\"359\" \/>\n\t<meta property=\"og:image:type\" content=\"image\/jpeg\" \/>\n<meta name=\"twitter:card\" content=\"summary_large_image\" \/>\n<meta name=\"twitter:label1\" content=\"Tiempo de lectura\" \/>\n\t<meta name=\"twitter:data1\" content=\"2 minutos\" \/>\n<script type=\"application\/ld+json\" class=\"yoast-schema-graph\">{\"@context\":\"https:\\\/\\\/schema.org\",\"@graph\":[{\"@type\":\"WebPage\",\"@id\":\"https:\\\/\\\/senalescorporativas.com\\\/index.php\\\/peliculas-para-vidrios\\\/\",\"url\":\"https:\\\/\\\/senalescorporativas.com\\\/index.php\\\/peliculas-para-vidrios\\\/\",\"name\":\"Pel\u00edcula Decorativa Para Vidrios - Ser Digital Full Branding\",\"isPartOf\":{\"@id\":\"https:\\\/\\\/senalescorporativas.com\\\/#website\"},\"primaryImageOfPage\":{\"@id\":\"https:\\\/\\\/senalescorporativas.com\\\/index.php\\\/peliculas-para-vidrios\\\/#primaryimage\"},\"image\":{\"@id\":\"https:\\\/\\\/senalescorporativas.com\\\/index.php\\\/peliculas-para-vidrios\\\/#primaryimage\"},\"thumbnailUrl\":\"https:\\\/\\\/senalescorporativas.com\\\/wp-content\\\/uploads\\\/2022\\\/09\\\/famisanar-01-1.jpg\",\"datePublished\":\"2022-09-05T20:20:58+00:00\",\"dateModified\":\"2024-06-20T20:02:46+00:00\",\"description\":\"Pel\u00edculas para vidrios Decorativas, Frosted, Impresas, Micro perforadas, Polarizadas, Control Solar con Filtro UV, Pel\u00edculas de Seguridad\",\"breadcrumb\":{\"@id\":\"https:\\\/\\\/senalescorporativas.com\\\/index.php\\\/peliculas-para-vidrios\\\/#breadcrumb\"},\"inLanguage\":\"es\",\"potentialAction\":[{\"@type\":\"ReadAction\",\"target\":[\"https:\\\/\\\/senalescorporativas.com\\\/index.php\\\/peliculas-para-vidrios\\\/\"]}]},{\"@type\":\"ImageObject\",\"inLanguage\":\"es\",\"@id\":\"https:\\\/\\\/senalescorporativas.com\\\/index.php\\\/peliculas-para-vidrios\\\/#primaryimage\",\"url\":\"https:\\\/\\\/senalescorporativas.com\\\/wp-content\\\/uploads\\\/2022\\\/09\\\/famisanar-01-1.jpg\",\"contentUrl\":\"https:\\\/\\\/senalescorporativas.com\\\/wp-content\\\/uploads\\\/2022\\\/09\\\/famisanar-01-1.jpg\",\"width\":269,\"height\":359,\"caption\":\"Pel\u00edculas Para Vidrios\"},{\"@type\":\"BreadcrumbList\",\"@id\":\"https:\\\/\\\/senalescorporativas.com\\\/index.php\\\/peliculas-para-vidrios\\\/#breadcrumb\",\"itemListElement\":[{\"@type\":\"ListItem\",\"position\":1,\"name\":\"Portada\",\"item\":\"https:\\\/\\\/senalescorporativas.com\\\/\"},{\"@type\":\"ListItem\",\"position\":2,\"name\":\"Pel\u00edculas para Vidrios\"}]},{\"@type\":\"WebSite\",\"@id\":\"https:\\\/\\\/senalescorporativas.com\\\/#website\",\"url\":\"https:\\\/\\\/senalescorporativas.com\\\/\",\"name\":\"Se\u00f1alizaci\u00f3n Corporativa\",\"description\":\"Se\u00f1ales Corporativas - Ser Digital\",\"publisher\":{\"@id\":\"https:\\\/\\\/senalescorporativas.com\\\/#organization\"},\"alternateName\":\"Ser Digital Full Branding\",\"potentialAction\":[{\"@type\":\"SearchAction\",\"target\":{\"@type\":\"EntryPoint\",\"urlTemplate\":\"https:\\\/\\\/senalescorporativas.com\\\/?s={search_term_string}\"},\"query-input\":{\"@type\":\"PropertyValueSpecification\",\"valueRequired\":true,\"valueName\":\"search_term_string\"}}],\"inLanguage\":\"es\"},{\"@type\":\"Organization\",\"@id\":\"https:\\\/\\\/senalescorporativas.com\\\/#organization\",\"name\":\"Se\u00f1alizaci\u00f3n Corporativa Ser Digital\",\"url\":\"https:\\\/\\\/senalescorporativas.com\\\/\",\"logo\":{\"@type\":\"ImageObject\",\"inLanguage\":\"es\",\"@id\":\"https:\\\/\\\/senalescorporativas.com\\\/#\\\/schema\\\/logo\\\/image\\\/\",\"url\":\"https:\\\/\\\/senalescorporativas.com\\\/wp-content\\\/uploads\\\/2022\\\/09\\\/cropped-logoserdigitalicon-1.png\",\"contentUrl\":\"https:\\\/\\\/senalescorporativas.com\\\/wp-content\\\/uploads\\\/2022\\\/09\\\/cropped-logoserdigitalicon-1.png\",\"width\":513,\"height\":232,\"caption\":\"Se\u00f1alizaci\u00f3n Corporativa Ser Digital\"},\"image\":{\"@id\":\"https:\\\/\\\/senalescorporativas.com\\\/#\\\/schema\\\/logo\\\/image\\\/\"},\"sameAs\":[\"https:\\\/\\\/www.linkedin.com\\\/company\\\/75437757\\\/admin\\\/feed\\\/posts\\\/\",\"https:\\\/\\\/www.instagram.com\\\/serdigital\\\/\"]}]}<\/script>\n<!-- \/ Yoast SEO Premium plugin. -->","yoast_head_json":{"title":"Pel\u00edcula Decorativa Para Vidrios - Ser Digital Full Branding","description":"Pel\u00edculas para vidrios Decorativas, Frosted, Impresas, Micro perforadas, Polarizadas, Control Solar con Filtro UV, Pel\u00edculas de Seguridad","robots":{"index":"index","follow":"follow","max-snippet":"max-snippet:-1","max-image-preview":"max-image-preview:large","max-video-preview":"max-video-preview:-1"},"canonical":"https:\/\/senalescorporativas.com\/index.php\/peliculas-para-vidrios\/","og_locale":"es_ES","og_type":"article","og_title":"Pel\u00edculas para Vidrios","og_description":"Pel\u00edculas para vidrios Decorativas, Frosted, Impresas, Micro perforadas, Polarizadas, Control Solar con Filtro UV, Pel\u00edculas de Seguridad","og_url":"https:\/\/senalescorporativas.com\/index.php\/peliculas-para-vidrios\/","og_site_name":"Se\u00f1alizaci\u00f3n Corporativa","article_modified_time":"2024-06-20T20:02:46+00:00","og_image":[{"width":269,"height":359,"url":"https:\/\/senalescorporativas.com\/wp-content\/uploads\/2022\/09\/famisanar-01-1.jpg","type":"image\/jpeg"}],"twitter_card":"summary_large_image","twitter_misc":{"Tiempo de lectura":"2 minutos"},"schema":{"@context":"https:\/\/schema.org","@graph":[{"@type":"WebPage","@id":"https:\/\/senalescorporativas.com\/index.php\/peliculas-para-vidrios\/","url":"https:\/\/senalescorporativas.com\/index.php\/peliculas-para-vidrios\/","name":"Pel\u00edcula Decorativa Para Vidrios - Ser Digital Full Branding","isPartOf":{"@id":"https:\/\/senalescorporativas.com\/#website"},"primaryImageOfPage":{"@id":"https:\/\/senalescorporativas.com\/index.php\/peliculas-para-vidrios\/#primaryimage"},"image":{"@id":"https:\/\/senalescorporativas.com\/index.php\/peliculas-para-vidrios\/#primaryimage"},"thumbnailUrl":"https:\/\/senalescorporativas.com\/wp-content\/uploads\/2022\/09\/famisanar-01-1.jpg","datePublished":"2022-09-05T20:20:58+00:00","dateModified":"2024-06-20T20:02:46+00:00","description":"Pel\u00edculas para vidrios Decorativas, Frosted, Impresas, Micro perforadas, Polarizadas, Control Solar con Filtro UV, Pel\u00edculas de Seguridad","breadcrumb":{"@id":"https:\/\/senalescorporativas.com\/index.php\/peliculas-para-vidrios\/#breadcrumb"},"inLanguage":"es","potentialAction":[{"@type":"ReadAction","target":["https:\/\/senalescorporativas.com\/index.php\/peliculas-para-vidrios\/"]}]},{"@type":"ImageObject","inLanguage":"es","@id":"https:\/\/senalescorporativas.com\/index.php\/peliculas-para-vidrios\/#primaryimage","url":"https:\/\/senalescorporativas.com\/wp-content\/uploads\/2022\/09\/famisanar-01-1.jpg","contentUrl":"https:\/\/senalescorporativas.com\/wp-content\/uploads\/2022\/09\/famisanar-01-1.jpg","width":269,"height":359,"caption":"Pel\u00edculas Para Vidrios"},{"@type":"BreadcrumbList","@id":"https:\/\/senalescorporativas.com\/index.php\/peliculas-para-vidrios\/#breadcrumb","itemListElement":[{"@type":"ListItem","position":1,"name":"Portada","item":"https:\/\/senalescorporativas.com\/"},{"@type":"ListItem","position":2,"name":"Pel\u00edculas para Vidrios"}]},{"@type":"WebSite","@id":"https:\/\/senalescorporativas.com\/#website","url":"https:\/\/senalescorporativas.com\/","name":"Se\u00f1alizaci\u00f3n Corporativa","description":"Se\u00f1ales Corporativas - Ser Digital","publisher":{"@id":"https:\/\/senalescorporativas.com\/#organization"},"alternateName":"Ser Digital Full Branding","potentialAction":[{"@type":"SearchAction","target":{"@type":"EntryPoint","urlTemplate":"https:\/\/senalescorporativas.com\/?s={search_term_string}"},"query-input":{"@type":"PropertyValueSpecification","valueRequired":true,"valueName":"search_term_string"}}],"inLanguage":"es"},{"@type":"Organization","@id":"https:\/\/senalescorporativas.com\/#organization","name":"Se\u00f1alizaci\u00f3n Corporativa Ser Digital","url":"https:\/\/senalescorporativas.com\/","logo":{"@type":"ImageObject","inLanguage":"es","@id":"https:\/\/senalescorporativas.com\/#\/schema\/logo\/image\/","url":"https:\/\/senalescorporativas.com\/wp-content\/uploads\/2022\/09\/cropped-logoserdigitalicon-1.png","contentUrl":"https:\/\/senalescorporativas.com\/wp-content\/uploads\/2022\/09\/cropped-logoserdigitalicon-1.png","width":513,"height":232,"caption":"Se\u00f1alizaci\u00f3n Corporativa Ser Digital"},"image":{"@id":"https:\/\/senalescorporativas.com\/#\/schema\/logo\/image\/"},"sameAs":["https:\/\/www.linkedin.com\/company\/75437757\/admin\/feed\/posts\/","https:\/\/www.instagram.com\/serdigital\/"]}]}},"_links":{"self":[{"href":"https:\/\/senalescorporativas.com\/index.php\/wp-json\/wp\/v2\/pages\/52","targetHints":{"allow":["GET"]}}],"collection":[{"href":"https:\/\/senalescorporativas.com\/index.php\/wp-json\/wp\/v2\/pages"}],"about":[{"href":"https:\/\/senalescorporativas.com\/index.php\/wp-json\/wp\/v2\/types\/page"}],"author":[{"embeddable":true,"href":"https:\/\/senalescorporativas.com\/index.php\/wp-json\/wp\/v2\/users\/1"}],"replies":[{"embeddable":true,"href":"https:\/\/senalescorporativas.com\/index.php\/wp-json\/wp\/v2\/comments?post=52"}],"version-history":[{"count":5,"href":"https:\/\/senalescorporativas.com\/index.php\/wp-json\/wp\/v2\/pages\/52\/revisions"}],"predecessor-version":[{"id":2214,"href":"https:\/\/senalescorporativas.com\/index.php\/wp-json\/wp\/v2\/pages\/52\/revisions\/2214"}],"wp:featuredmedia":[{"embeddable":true,"href":"https:\/\/senalescorporativas.com\/index.php\/wp-json\/wp\/v2\/media\/1153"}],"wp:attachment":[{"href":"https:\/\/senalescorporativas.com\/index.php\/wp-json\/wp\/v2\/media?parent=52"}],"curies":[{"name":"wp","href":"https:\/\/api.w.org\/{rel}","templated":true}]}}