{"id":56,"date":"2022-09-05T20:40:31","date_gmt":"2022-09-05T20:40:31","guid":{"rendered":"http:\/\/senalescorporativas.com\/?page_id=56"},"modified":"2024-06-20T21:35:06","modified_gmt":"2024-06-20T21:35:06","slug":"senalizacion-industrial-y-seguridad","status":"publish","type":"page","link":"https:\/\/senalescorporativas.com\/index.php\/senalizacion-industrial-y-seguridad\/","title":{"rendered":"Se\u00f1alizaci\u00f3n Industrial y Seguridad"},"content":{"rendered":"\t\t<div data-elementor-type=\"wp-page\" data-elementor-id=\"56\" class=\"elementor elementor-56\" data-elementor-post-type=\"page\">\n\t\t\t\t\t\t<section class=\"elementor-section elementor-top-section elementor-element elementor-element-4b0c927 elementor-section-boxed elementor-section-height-default elementor-section-height-default\" data-id=\"4b0c927\" data-element_type=\"section\" data-e-type=\"section\">\n\t\t\t\t\t\t<div class=\"elementor-container elementor-column-gap-default\">\n\t\t\t\t\t<div class=\"elementor-column elementor-col-100 elementor-top-column elementor-element elementor-element-6e35a16\" data-id=\"6e35a16\" data-element_type=\"column\" data-e-type=\"column\">\n\t\t\t<div class=\"elementor-widget-wrap elementor-element-populated\">\n\t\t\t\t\t\t<div class=\"elementor-element elementor-element-842b274 elementor-view-stacked elementor-shape-circle elementor-position-block-start elementor-mobile-position-block-start elementor-widget elementor-widget-icon-box\" data-id=\"842b274\" data-element_type=\"widget\" data-e-type=\"widget\" data-widget_type=\"icon-box.default\">\n\t\t\t\t<div class=\"elementor-widget-container\">\n\t\t\t\t\t\t\t<div class=\"elementor-icon-box-wrapper\">\n\n\t\t\t\t\t\t<div class=\"elementor-icon-box-icon\">\n\t\t\t\t<span  class=\"elementor-icon\">\n\t\t\t\t<i aria-hidden=\"true\" class=\"fas fa-exclamation-triangle\"><\/i>\t\t\t\t<\/span>\n\t\t\t<\/div>\n\t\t\t\n\t\t\t\t\t\t<div class=\"elementor-icon-box-content\">\n\n\t\t\t\t\t\t\t\t\t<h3 class=\"elementor-icon-box-title\">\n\t\t\t\t\t\t<span  >\n\t\t\t\t\t\t\tSe\u00f1alizaci\u00f3n Industrial\t\t\t\t\t\t<\/span>\n\t\t\t\t\t<\/h3>\n\t\t\t\t\n\t\t\t\t\n\t\t\t<\/div>\n\t\t\t\n\t\t<\/div>\n\t\t\t\t\t\t<\/div>\n\t\t\t\t<\/div>\n\t\t\t\t\t<\/div>\n\t\t<\/div>\n\t\t\t\t\t<\/div>\n\t\t<\/section>\n\t\t\t\t<section class=\"elementor-section elementor-top-section elementor-element elementor-element-d1e068b elementor-section-boxed elementor-section-height-default elementor-section-height-default\" data-id=\"d1e068b\" data-element_type=\"section\" data-e-type=\"section\">\n\t\t\t\t\t\t<div class=\"elementor-container elementor-column-gap-default\">\n\t\t\t\t\t<div class=\"elementor-column elementor-col-100 elementor-top-column elementor-element elementor-element-b2b876f\" data-id=\"b2b876f\" data-element_type=\"column\" data-e-type=\"column\">\n\t\t\t<div class=\"elementor-widget-wrap elementor-element-populated\">\n\t\t\t\t\t\t<div class=\"elementor-element elementor-element-c615f94 elementor-widget elementor-widget-text-editor\" data-id=\"c615f94\" data-element_type=\"widget\" data-e-type=\"widget\" data-widget_type=\"text-editor.default\">\n\t\t\t\t<div class=\"elementor-widget-container\">\n\t\t\t\t\t\t\t\t\t<p>Nuestra empresa ofrece diferentes soluciones para se\u00f1alizaci\u00f3n industrial y Seguridad.\u00a0<\/p>\t\t\t\t\t\t\t\t<\/div>\n\t\t\t\t<\/div>\n\t\t\t\t\t<\/div>\n\t\t<\/div>\n\t\t\t\t\t<\/div>\n\t\t<\/section>\n\t\t\t\t<section class=\"elementor-section elementor-top-section elementor-element elementor-element-10d2544 elementor-section-boxed elementor-section-height-default elementor-section-height-default\" data-id=\"10d2544\" data-element_type=\"section\" data-e-type=\"section\">\n\t\t\t\t\t\t<div class=\"elementor-container elementor-column-gap-default\">\n\t\t\t\t\t<div class=\"elementor-column elementor-col-25 elementor-top-column elementor-element elementor-element-e053b19\" data-id=\"e053b19\" data-element_type=\"column\" data-e-type=\"column\">\n\t\t\t<div class=\"elementor-widget-wrap elementor-element-populated\">\n\t\t\t\t\t\t<div class=\"elementor-element elementor-element-f0b78b4 elementor-widget elementor-widget-image\" data-id=\"f0b78b4\" data-element_type=\"widget\" data-e-type=\"widget\" data-widget_type=\"image.default\">\n\t\t\t\t<div class=\"elementor-widget-container\">\n\t\t\t\t\t\t\t\t\t\t\t\t\t\t\t<img fetchpriority=\"high\" decoding=\"async\" width=\"600\" height=\"800\" src=\"https:\/\/senalescorporativas.com\/wp-content\/uploads\/2024\/06\/avisos-fotoluminiscentes.webp\" class=\"attachment-large size-large wp-image-2256\" alt=\"avisos fotoluminiscentes\" srcset=\"https:\/\/senalescorporativas.com\/wp-content\/uploads\/2024\/06\/avisos-fotoluminiscentes.webp 600w, https:\/\/senalescorporativas.com\/wp-content\/uploads\/2024\/06\/avisos-fotoluminiscentes-225x300.webp 225w\" sizes=\"(max-width: 600px) 100vw, 600px\" \/>\t\t\t\t\t\t\t\t\t\t\t\t\t\t\t<\/div>\n\t\t\t\t<\/div>\n\t\t\t\t\t<\/div>\n\t\t<\/div>\n\t\t\t\t<div class=\"elementor-column elementor-col-25 elementor-top-column elementor-element elementor-element-e7685ed\" data-id=\"e7685ed\" data-element_type=\"column\" data-e-type=\"column\">\n\t\t\t<div class=\"elementor-widget-wrap elementor-element-populated\">\n\t\t\t\t\t\t<div class=\"elementor-element elementor-element-09b620a elementor-widget elementor-widget-image\" data-id=\"09b620a\" data-element_type=\"widget\" data-e-type=\"widget\" data-widget_type=\"image.default\">\n\t\t\t\t<div class=\"elementor-widget-container\">\n\t\t\t\t\t\t\t\t\t\t\t\t\t\t\t<img decoding=\"async\" width=\"600\" height=\"800\" src=\"https:\/\/senalescorporativas.com\/wp-content\/uploads\/2024\/06\/peliculas-fotoluminiscentes.webp\" class=\"attachment-large size-large wp-image-2260\" alt=\"peliculas Fotoluminiscentes\" srcset=\"https:\/\/senalescorporativas.com\/wp-content\/uploads\/2024\/06\/peliculas-fotoluminiscentes.webp 600w, https:\/\/senalescorporativas.com\/wp-content\/uploads\/2024\/06\/peliculas-fotoluminiscentes-225x300.webp 225w\" sizes=\"(max-width: 600px) 100vw, 600px\" \/>\t\t\t\t\t\t\t\t\t\t\t\t\t\t\t<\/div>\n\t\t\t\t<\/div>\n\t\t\t\t\t<\/div>\n\t\t<\/div>\n\t\t\t\t<div class=\"elementor-column elementor-col-25 elementor-top-column elementor-element elementor-element-dc7b17a\" data-id=\"dc7b17a\" data-element_type=\"column\" data-e-type=\"column\">\n\t\t\t<div class=\"elementor-widget-wrap elementor-element-populated\">\n\t\t\t\t\t\t<div class=\"elementor-element elementor-element-49d7f77 elementor-widget elementor-widget-image\" data-id=\"49d7f77\" data-element_type=\"widget\" data-e-type=\"widget\" data-widget_type=\"image.default\">\n\t\t\t\t<div class=\"elementor-widget-container\">\n\t\t\t\t\t\t\t\t\t\t\t\t\t\t\t<img decoding=\"async\" width=\"600\" height=\"800\" src=\"https:\/\/senalescorporativas.com\/wp-content\/uploads\/2024\/06\/senalizacion-fotoluminiscente.webp\" class=\"attachment-large size-large wp-image-2264\" alt=\"Se\u00f1alizaci\u00f3n Fotoluminiscente\" srcset=\"https:\/\/senalescorporativas.com\/wp-content\/uploads\/2024\/06\/senalizacion-fotoluminiscente.webp 600w, https:\/\/senalescorporativas.com\/wp-content\/uploads\/2024\/06\/senalizacion-fotoluminiscente-225x300.webp 225w\" sizes=\"(max-width: 600px) 100vw, 600px\" \/>\t\t\t\t\t\t\t\t\t\t\t\t\t\t\t<\/div>\n\t\t\t\t<\/div>\n\t\t\t\t\t<\/div>\n\t\t<\/div>\n\t\t\t\t<div class=\"elementor-column elementor-col-25 elementor-top-column elementor-element elementor-element-b2df398\" data-id=\"b2df398\" data-element_type=\"column\" data-e-type=\"column\">\n\t\t\t<div class=\"elementor-widget-wrap elementor-element-populated\">\n\t\t\t\t\t\t<div class=\"elementor-element elementor-element-f674cb9 elementor-widget elementor-widget-image\" data-id=\"f674cb9\" data-element_type=\"widget\" data-e-type=\"widget\" data-widget_type=\"image.default\">\n\t\t\t\t<div class=\"elementor-widget-container\">\n\t\t\t\t\t\t\t\t\t\t\t\t\t\t\t<img loading=\"lazy\" decoding=\"async\" width=\"600\" height=\"800\" src=\"https:\/\/senalescorporativas.com\/wp-content\/uploads\/2024\/06\/senales-fotoluminiscentes.webp\" class=\"attachment-large size-large wp-image-2268\" alt=\"\" srcset=\"https:\/\/senalescorporativas.com\/wp-content\/uploads\/2024\/06\/senales-fotoluminiscentes.webp 600w, https:\/\/senalescorporativas.com\/wp-content\/uploads\/2024\/06\/senales-fotoluminiscentes-225x300.webp 225w\" sizes=\"(max-width: 600px) 100vw, 600px\" \/>\t\t\t\t\t\t\t\t\t\t\t\t\t\t\t<\/div>\n\t\t\t\t<\/div>\n\t\t\t\t\t<\/div>\n\t\t<\/div>\n\t\t\t\t\t<\/div>\n\t\t<\/section>\n\t\t\t\t<section class=\"elementor-section elementor-top-section elementor-element elementor-element-e33a4e0 elementor-section-boxed elementor-section-height-default elementor-section-height-default\" data-id=\"e33a4e0\" data-element_type=\"section\" data-e-type=\"section\">\n\t\t\t\t\t\t<div class=\"elementor-container elementor-column-gap-default\">\n\t\t\t\t\t<div class=\"elementor-column elementor-col-100 elementor-top-column elementor-element elementor-element-e1e9c97\" data-id=\"e1e9c97\" data-element_type=\"column\" data-e-type=\"column\">\n\t\t\t<div class=\"elementor-widget-wrap elementor-element-populated\">\n\t\t\t\t\t\t<div class=\"elementor-element elementor-element-3b36d9e elementor-widget elementor-widget-image\" data-id=\"3b36d9e\" data-element_type=\"widget\" data-e-type=\"widget\" data-widget_type=\"image.default\">\n\t\t\t\t<div class=\"elementor-widget-container\">\n\t\t\t\t\t\t\t\t\t\t\t\t\t\t\t<img loading=\"lazy\" decoding=\"async\" width=\"469\" height=\"186\" src=\"https:\/\/senalescorporativas.com\/wp-content\/uploads\/2022\/09\/senalizacion_industrial.jpg\" class=\"attachment-large size-large wp-image-1274\" alt=\"\" srcset=\"https:\/\/senalescorporativas.com\/wp-content\/uploads\/2022\/09\/senalizacion_industrial.jpg 469w, https:\/\/senalescorporativas.com\/wp-content\/uploads\/2022\/09\/senalizacion_industrial-300x119.jpg 300w\" sizes=\"(max-width: 469px) 100vw, 469px\" \/>\t\t\t\t\t\t\t\t\t\t\t\t\t\t\t<\/div>\n\t\t\t\t<\/div>\n\t\t\t\t\t<\/div>\n\t\t<\/div>\n\t\t\t\t\t<\/div>\n\t\t<\/section>\n\t\t\t\t<section class=\"elementor-section elementor-top-section elementor-element elementor-element-9de2c6c elementor-section-boxed elementor-section-height-default elementor-section-height-default\" data-id=\"9de2c6c\" data-element_type=\"section\" data-e-type=\"section\">\n\t\t\t\t\t\t<div class=\"elementor-container elementor-column-gap-default\">\n\t\t\t\t\t<div class=\"elementor-column elementor-col-50 elementor-top-column elementor-element elementor-element-fc4203f\" data-id=\"fc4203f\" data-element_type=\"column\" data-e-type=\"column\">\n\t\t\t<div class=\"elementor-widget-wrap elementor-element-populated\">\n\t\t\t\t\t\t<div class=\"elementor-element elementor-element-93fbfb1 elementor-widget elementor-widget-text-editor\" data-id=\"93fbfb1\" data-element_type=\"widget\" data-e-type=\"widget\" data-widget_type=\"text-editor.default\">\n\t\t\t\t<div class=\"elementor-widget-container\">\n\t\t\t\t\t\t\t\t\t<ul><li>Se\u00f1ales reflectivas<\/li><li>Se\u00f1ales Foto luminiscentes<\/li><li>Se\u00f1ales para piso (Floor Graphics)<\/li><\/ul><p>\u00a0<\/p>\t\t\t\t\t\t\t\t<\/div>\n\t\t\t\t<\/div>\n\t\t\t\t\t<\/div>\n\t\t<\/div>\n\t\t\t\t<div class=\"elementor-column elementor-col-50 elementor-top-column elementor-element elementor-element-cd7f995\" data-id=\"cd7f995\" data-element_type=\"column\" data-e-type=\"column\">\n\t\t\t<div class=\"elementor-widget-wrap elementor-element-populated\">\n\t\t\t\t\t\t<div class=\"elementor-element elementor-element-b4ddcc5 elementor-widget elementor-widget-text-editor\" data-id=\"b4ddcc5\" data-element_type=\"widget\" data-e-type=\"widget\" data-widget_type=\"text-editor.default\">\n\t\t\t\t<div class=\"elementor-widget-container\">\n\t\t\t\t\t\t\t\t\t<ul><li>Se\u00f1ales de alta resistencia a la manipulaci\u00f3n y fricci\u00f3n.<\/li><li>Se\u00f1ales resistentes a agentes qu\u00edmicos y altas temperaturas.\u00a0<\/li><\/ul>\t\t\t\t\t\t\t\t<\/div>\n\t\t\t\t<\/div>\n\t\t\t\t\t<\/div>\n\t\t<\/div>\n\t\t\t\t\t<\/div>\n\t\t<\/section>\n\t\t\t\t<section class=\"elementor-section elementor-top-section elementor-element elementor-element-e1c594b elementor-section-boxed elementor-section-height-default elementor-section-height-default\" data-id=\"e1c594b\" data-element_type=\"section\" data-e-type=\"section\">\n\t\t\t\t\t\t<div class=\"elementor-container elementor-column-gap-default\">\n\t\t\t\t\t<div class=\"elementor-column elementor-col-100 elementor-top-column elementor-element elementor-element-1c6a16a\" data-id=\"1c6a16a\" data-element_type=\"column\" data-e-type=\"column\">\n\t\t\t<div class=\"elementor-widget-wrap elementor-element-populated\">\n\t\t\t\t\t\t<div class=\"elementor-element elementor-element-85ddee4 elementor-widget elementor-widget-image\" data-id=\"85ddee4\" data-element_type=\"widget\" data-e-type=\"widget\" data-widget_type=\"image.default\">\n\t\t\t\t<div class=\"elementor-widget-container\">\n\t\t\t\t\t\t\t\t\t\t\t\t\t\t\t<img loading=\"lazy\" decoding=\"async\" width=\"800\" height=\"298\" src=\"https:\/\/senalescorporativas.com\/wp-content\/uploads\/2022\/09\/seguridadindistrial3-1.jpg\" class=\"attachment-large size-large wp-image-1291\" alt=\"\" srcset=\"https:\/\/senalescorporativas.com\/wp-content\/uploads\/2022\/09\/seguridadindistrial3-1.jpg 986w, https:\/\/senalescorporativas.com\/wp-content\/uploads\/2022\/09\/seguridadindistrial3-1-300x112.jpg 300w, https:\/\/senalescorporativas.com\/wp-content\/uploads\/2022\/09\/seguridadindistrial3-1-768x286.jpg 768w\" sizes=\"(max-width: 800px) 100vw, 800px\" \/>\t\t\t\t\t\t\t\t\t\t\t\t\t\t\t<\/div>\n\t\t\t\t<\/div>\n\t\t\t\t\t<\/div>\n\t\t<\/div>\n\t\t\t\t\t<\/div>\n\t\t<\/section>\n\t\t\t\t<section class=\"elementor-section elementor-top-section elementor-element elementor-element-3742074 elementor-section-boxed elementor-section-height-default elementor-section-height-default\" data-id=\"3742074\" data-element_type=\"section\" data-e-type=\"section\">\n\t\t\t\t\t\t<div class=\"elementor-container elementor-column-gap-default\">\n\t\t\t\t\t<div class=\"elementor-column elementor-col-100 elementor-top-column elementor-element elementor-element-82d1e00\" data-id=\"82d1e00\" data-element_type=\"column\" data-e-type=\"column\">\n\t\t\t<div class=\"elementor-widget-wrap elementor-element-populated\">\n\t\t\t\t\t\t<div class=\"elementor-element elementor-element-db0994c elementor-widget elementor-widget-spacer\" data-id=\"db0994c\" data-element_type=\"widget\" data-e-type=\"widget\" data-widget_type=\"spacer.default\">\n\t\t\t\t<div class=\"elementor-widget-container\">\n\t\t\t\t\t\t\t<div class=\"elementor-spacer\">\n\t\t\t<div class=\"elementor-spacer-inner\"><\/div>\n\t\t<\/div>\n\t\t\t\t\t\t<\/div>\n\t\t\t\t<\/div>\n\t\t\t\t\t<\/div>\n\t\t<\/div>\n\t\t\t\t\t<\/div>\n\t\t<\/section>\n\t\t\t\t<\/div>\n\t\t","protected":false},"excerpt":{"rendered":"<p>Se\u00f1alizaci\u00f3n Industrial Nuestra empresa ofrece diferentes soluciones para se\u00f1alizaci\u00f3n industrial y Seguridad.\u00a0 Se\u00f1ales reflectivas Se\u00f1ales Foto luminiscentes Se\u00f1ales para piso (Floor Graphics) \u00a0 Se\u00f1ales de alta resistencia a la manipulaci\u00f3n y fricci\u00f3n. Se\u00f1ales resistentes a agentes qu\u00edmicos y altas temperaturas.\u00a0<\/p>\n","protected":false},"author":1,"featured_media":2264,"parent":0,"menu_order":0,"comment_status":"closed","ping_status":"closed","template":"elementor_header_footer","meta":{"footnotes":""},"class_list":["post-56","page","type-page","status-publish","has-post-thumbnail","hentry"],"yoast_head":"<!-- This site is optimized with the Yoast SEO Premium plugin v25.6 (Yoast SEO v27.4) - https:\/\/yoast.com\/product\/yoast-seo-premium-wordpress\/ -->\n<title>Se\u00f1alizaci\u00f3n Industrial y Seguridad<\/title>\n<meta name=\"description\" content=\"Se\u00f1ales Industriales, Se\u00f1ales reflectivas, Se\u00f1ales Foto luminiscentes, Demarcaci\u00f3n de Parqueaderos, Bodegas.\" \/>\n<meta name=\"robots\" content=\"index, follow, max-snippet:-1, max-image-preview:large, max-video-preview:-1\" \/>\n<link rel=\"canonical\" href=\"https:\/\/senalescorporativas.com\/index.php\/senalizacion-industrial-y-seguridad\/\" \/>\n<meta property=\"og:locale\" content=\"es_ES\" \/>\n<meta property=\"og:type\" content=\"article\" \/>\n<meta property=\"og:title\" content=\"Se\u00f1alizaci\u00f3n Industrial y Seguridad\" \/>\n<meta property=\"og:description\" content=\"Se\u00f1ales Industriales, Se\u00f1ales reflectivas, Se\u00f1ales Foto luminiscentes, Demarcaci\u00f3n de Parqueaderos, Bodegas.\" \/>\n<meta property=\"og:url\" content=\"https:\/\/senalescorporativas.com\/index.php\/senalizacion-industrial-y-seguridad\/\" \/>\n<meta property=\"og:site_name\" content=\"Se\u00f1alizaci\u00f3n Corporativa\" \/>\n<meta property=\"article:modified_time\" content=\"2024-06-20T21:35:06+00:00\" \/>\n<meta property=\"og:image\" content=\"https:\/\/senalescorporativas.com\/wp-content\/uploads\/2024\/06\/senalizacion-fotoluminiscente.webp\" \/>\n\t<meta property=\"og:image:width\" content=\"600\" \/>\n\t<meta property=\"og:image:height\" content=\"800\" \/>\n\t<meta property=\"og:image:type\" content=\"image\/webp\" \/>\n<meta name=\"twitter:card\" content=\"summary_large_image\" \/>\n<meta name=\"twitter:label1\" content=\"Tiempo de lectura\" \/>\n\t<meta name=\"twitter:data1\" content=\"2 minutos\" \/>\n<script type=\"application\/ld+json\" class=\"yoast-schema-graph\">{\"@context\":\"https:\\\/\\\/schema.org\",\"@graph\":[{\"@type\":\"WebPage\",\"@id\":\"https:\\\/\\\/senalescorporativas.com\\\/index.php\\\/senalizacion-industrial-y-seguridad\\\/\",\"url\":\"https:\\\/\\\/senalescorporativas.com\\\/index.php\\\/senalizacion-industrial-y-seguridad\\\/\",\"name\":\"Se\u00f1alizaci\u00f3n Industrial y Seguridad\",\"isPartOf\":{\"@id\":\"https:\\\/\\\/senalescorporativas.com\\\/#website\"},\"primaryImageOfPage\":{\"@id\":\"https:\\\/\\\/senalescorporativas.com\\\/index.php\\\/senalizacion-industrial-y-seguridad\\\/#primaryimage\"},\"image\":{\"@id\":\"https:\\\/\\\/senalescorporativas.com\\\/index.php\\\/senalizacion-industrial-y-seguridad\\\/#primaryimage\"},\"thumbnailUrl\":\"https:\\\/\\\/senalescorporativas.com\\\/wp-content\\\/uploads\\\/2024\\\/06\\\/senalizacion-fotoluminiscente.webp\",\"datePublished\":\"2022-09-05T20:40:31+00:00\",\"dateModified\":\"2024-06-20T21:35:06+00:00\",\"description\":\"Se\u00f1ales Industriales, Se\u00f1ales reflectivas, Se\u00f1ales Foto luminiscentes, Demarcaci\u00f3n de Parqueaderos, Bodegas.\",\"breadcrumb\":{\"@id\":\"https:\\\/\\\/senalescorporativas.com\\\/index.php\\\/senalizacion-industrial-y-seguridad\\\/#breadcrumb\"},\"inLanguage\":\"es\",\"potentialAction\":[{\"@type\":\"ReadAction\",\"target\":[\"https:\\\/\\\/senalescorporativas.com\\\/index.php\\\/senalizacion-industrial-y-seguridad\\\/\"]}]},{\"@type\":\"ImageObject\",\"inLanguage\":\"es\",\"@id\":\"https:\\\/\\\/senalescorporativas.com\\\/index.php\\\/senalizacion-industrial-y-seguridad\\\/#primaryimage\",\"url\":\"https:\\\/\\\/senalescorporativas.com\\\/wp-content\\\/uploads\\\/2024\\\/06\\\/senalizacion-fotoluminiscente.webp\",\"contentUrl\":\"https:\\\/\\\/senalescorporativas.com\\\/wp-content\\\/uploads\\\/2024\\\/06\\\/senalizacion-fotoluminiscente.webp\",\"width\":600,\"height\":800,\"caption\":\"Se\u00f1alizaci\u00f3n Fotoluminiscente\"},{\"@type\":\"BreadcrumbList\",\"@id\":\"https:\\\/\\\/senalescorporativas.com\\\/index.php\\\/senalizacion-industrial-y-seguridad\\\/#breadcrumb\",\"itemListElement\":[{\"@type\":\"ListItem\",\"position\":1,\"name\":\"Portada\",\"item\":\"https:\\\/\\\/senalescorporativas.com\\\/\"},{\"@type\":\"ListItem\",\"position\":2,\"name\":\"Se\u00f1alizaci\u00f3n Industrial y Seguridad\"}]},{\"@type\":\"WebSite\",\"@id\":\"https:\\\/\\\/senalescorporativas.com\\\/#website\",\"url\":\"https:\\\/\\\/senalescorporativas.com\\\/\",\"name\":\"Se\u00f1alizaci\u00f3n Corporativa\",\"description\":\"Se\u00f1ales Corporativas - Ser Digital\",\"publisher\":{\"@id\":\"https:\\\/\\\/senalescorporativas.com\\\/#organization\"},\"alternateName\":\"Ser Digital Full Branding\",\"potentialAction\":[{\"@type\":\"SearchAction\",\"target\":{\"@type\":\"EntryPoint\",\"urlTemplate\":\"https:\\\/\\\/senalescorporativas.com\\\/?s={search_term_string}\"},\"query-input\":{\"@type\":\"PropertyValueSpecification\",\"valueRequired\":true,\"valueName\":\"search_term_string\"}}],\"inLanguage\":\"es\"},{\"@type\":\"Organization\",\"@id\":\"https:\\\/\\\/senalescorporativas.com\\\/#organization\",\"name\":\"Se\u00f1alizaci\u00f3n Corporativa Ser Digital\",\"url\":\"https:\\\/\\\/senalescorporativas.com\\\/\",\"logo\":{\"@type\":\"ImageObject\",\"inLanguage\":\"es\",\"@id\":\"https:\\\/\\\/senalescorporativas.com\\\/#\\\/schema\\\/logo\\\/image\\\/\",\"url\":\"https:\\\/\\\/senalescorporativas.com\\\/wp-content\\\/uploads\\\/2022\\\/09\\\/cropped-logoserdigitalicon-1.png\",\"contentUrl\":\"https:\\\/\\\/senalescorporativas.com\\\/wp-content\\\/uploads\\\/2022\\\/09\\\/cropped-logoserdigitalicon-1.png\",\"width\":513,\"height\":232,\"caption\":\"Se\u00f1alizaci\u00f3n Corporativa Ser Digital\"},\"image\":{\"@id\":\"https:\\\/\\\/senalescorporativas.com\\\/#\\\/schema\\\/logo\\\/image\\\/\"},\"sameAs\":[\"https:\\\/\\\/www.linkedin.com\\\/company\\\/75437757\\\/admin\\\/feed\\\/posts\\\/\",\"https:\\\/\\\/www.instagram.com\\\/serdigital\\\/\"]}]}<\/script>\n<!-- \/ Yoast SEO Premium plugin. -->","yoast_head_json":{"title":"Se\u00f1alizaci\u00f3n Industrial y Seguridad","description":"Se\u00f1ales Industriales, Se\u00f1ales reflectivas, Se\u00f1ales Foto luminiscentes, Demarcaci\u00f3n de Parqueaderos, Bodegas.","robots":{"index":"index","follow":"follow","max-snippet":"max-snippet:-1","max-image-preview":"max-image-preview:large","max-video-preview":"max-video-preview:-1"},"canonical":"https:\/\/senalescorporativas.com\/index.php\/senalizacion-industrial-y-seguridad\/","og_locale":"es_ES","og_type":"article","og_title":"Se\u00f1alizaci\u00f3n Industrial y Seguridad","og_description":"Se\u00f1ales Industriales, Se\u00f1ales reflectivas, Se\u00f1ales Foto luminiscentes, Demarcaci\u00f3n de Parqueaderos, Bodegas.","og_url":"https:\/\/senalescorporativas.com\/index.php\/senalizacion-industrial-y-seguridad\/","og_site_name":"Se\u00f1alizaci\u00f3n Corporativa","article_modified_time":"2024-06-20T21:35:06+00:00","og_image":[{"width":600,"height":800,"url":"https:\/\/senalescorporativas.com\/wp-content\/uploads\/2024\/06\/senalizacion-fotoluminiscente.webp","type":"image\/webp"}],"twitter_card":"summary_large_image","twitter_misc":{"Tiempo de lectura":"2 minutos"},"schema":{"@context":"https:\/\/schema.org","@graph":[{"@type":"WebPage","@id":"https:\/\/senalescorporativas.com\/index.php\/senalizacion-industrial-y-seguridad\/","url":"https:\/\/senalescorporativas.com\/index.php\/senalizacion-industrial-y-seguridad\/","name":"Se\u00f1alizaci\u00f3n Industrial y Seguridad","isPartOf":{"@id":"https:\/\/senalescorporativas.com\/#website"},"primaryImageOfPage":{"@id":"https:\/\/senalescorporativas.com\/index.php\/senalizacion-industrial-y-seguridad\/#primaryimage"},"image":{"@id":"https:\/\/senalescorporativas.com\/index.php\/senalizacion-industrial-y-seguridad\/#primaryimage"},"thumbnailUrl":"https:\/\/senalescorporativas.com\/wp-content\/uploads\/2024\/06\/senalizacion-fotoluminiscente.webp","datePublished":"2022-09-05T20:40:31+00:00","dateModified":"2024-06-20T21:35:06+00:00","description":"Se\u00f1ales Industriales, Se\u00f1ales reflectivas, Se\u00f1ales Foto luminiscentes, Demarcaci\u00f3n de Parqueaderos, Bodegas.","breadcrumb":{"@id":"https:\/\/senalescorporativas.com\/index.php\/senalizacion-industrial-y-seguridad\/#breadcrumb"},"inLanguage":"es","potentialAction":[{"@type":"ReadAction","target":["https:\/\/senalescorporativas.com\/index.php\/senalizacion-industrial-y-seguridad\/"]}]},{"@type":"ImageObject","inLanguage":"es","@id":"https:\/\/senalescorporativas.com\/index.php\/senalizacion-industrial-y-seguridad\/#primaryimage","url":"https:\/\/senalescorporativas.com\/wp-content\/uploads\/2024\/06\/senalizacion-fotoluminiscente.webp","contentUrl":"https:\/\/senalescorporativas.com\/wp-content\/uploads\/2024\/06\/senalizacion-fotoluminiscente.webp","width":600,"height":800,"caption":"Se\u00f1alizaci\u00f3n Fotoluminiscente"},{"@type":"BreadcrumbList","@id":"https:\/\/senalescorporativas.com\/index.php\/senalizacion-industrial-y-seguridad\/#breadcrumb","itemListElement":[{"@type":"ListItem","position":1,"name":"Portada","item":"https:\/\/senalescorporativas.com\/"},{"@type":"ListItem","position":2,"name":"Se\u00f1alizaci\u00f3n Industrial y Seguridad"}]},{"@type":"WebSite","@id":"https:\/\/senalescorporativas.com\/#website","url":"https:\/\/senalescorporativas.com\/","name":"Se\u00f1alizaci\u00f3n Corporativa","description":"Se\u00f1ales Corporativas - Ser Digital","publisher":{"@id":"https:\/\/senalescorporativas.com\/#organization"},"alternateName":"Ser Digital Full Branding","potentialAction":[{"@type":"SearchAction","target":{"@type":"EntryPoint","urlTemplate":"https:\/\/senalescorporativas.com\/?s={search_term_string}"},"query-input":{"@type":"PropertyValueSpecification","valueRequired":true,"valueName":"search_term_string"}}],"inLanguage":"es"},{"@type":"Organization","@id":"https:\/\/senalescorporativas.com\/#organization","name":"Se\u00f1alizaci\u00f3n Corporativa Ser Digital","url":"https:\/\/senalescorporativas.com\/","logo":{"@type":"ImageObject","inLanguage":"es","@id":"https:\/\/senalescorporativas.com\/#\/schema\/logo\/image\/","url":"https:\/\/senalescorporativas.com\/wp-content\/uploads\/2022\/09\/cropped-logoserdigitalicon-1.png","contentUrl":"https:\/\/senalescorporativas.com\/wp-content\/uploads\/2022\/09\/cropped-logoserdigitalicon-1.png","width":513,"height":232,"caption":"Se\u00f1alizaci\u00f3n Corporativa Ser Digital"},"image":{"@id":"https:\/\/senalescorporativas.com\/#\/schema\/logo\/image\/"},"sameAs":["https:\/\/www.linkedin.com\/company\/75437757\/admin\/feed\/posts\/","https:\/\/www.instagram.com\/serdigital\/"]}]}},"_links":{"self":[{"href":"https:\/\/senalescorporativas.com\/index.php\/wp-json\/wp\/v2\/pages\/56","targetHints":{"allow":["GET"]}}],"collection":[{"href":"https:\/\/senalescorporativas.com\/index.php\/wp-json\/wp\/v2\/pages"}],"about":[{"href":"https:\/\/senalescorporativas.com\/index.php\/wp-json\/wp\/v2\/types\/page"}],"author":[{"embeddable":true,"href":"https:\/\/senalescorporativas.com\/index.php\/wp-json\/wp\/v2\/users\/1"}],"replies":[{"embeddable":true,"href":"https:\/\/senalescorporativas.com\/index.php\/wp-json\/wp\/v2\/comments?post=56"}],"version-history":[{"count":5,"href":"https:\/\/senalescorporativas.com\/index.php\/wp-json\/wp\/v2\/pages\/56\/revisions"}],"predecessor-version":[{"id":2271,"href":"https:\/\/senalescorporativas.com\/index.php\/wp-json\/wp\/v2\/pages\/56\/revisions\/2271"}],"wp:featuredmedia":[{"embeddable":true,"href":"https:\/\/senalescorporativas.com\/index.php\/wp-json\/wp\/v2\/media\/2264"}],"wp:attachment":[{"href":"https:\/\/senalescorporativas.com\/index.php\/wp-json\/wp\/v2\/media?parent=56"}],"curies":[{"name":"wp","href":"https:\/\/api.w.org\/{rel}","templated":true}]}}