{"id":61,"date":"2022-09-05T20:59:26","date_gmt":"2022-09-05T20:59:26","guid":{"rendered":"http:\/\/senalescorporativas.com\/?page_id=61"},"modified":"2024-06-20T19:41:23","modified_gmt":"2024-06-20T19:41:23","slug":"otros","status":"publish","type":"page","link":"https:\/\/senalescorporativas.com\/index.php\/otros\/","title":{"rendered":"Otros"},"content":{"rendered":"\t\t<div data-elementor-type=\"wp-page\" data-elementor-id=\"61\" class=\"elementor elementor-61\" data-elementor-post-type=\"page\">\n\t\t\t\t\t\t<section class=\"elementor-section elementor-top-section elementor-element elementor-element-f1cffe7 elementor-section-boxed elementor-section-height-default elementor-section-height-default\" data-id=\"f1cffe7\" data-element_type=\"section\" data-e-type=\"section\">\n\t\t\t\t\t\t<div class=\"elementor-container elementor-column-gap-default\">\n\t\t\t\t\t<div class=\"elementor-column elementor-col-100 elementor-top-column elementor-element elementor-element-74828c9\" data-id=\"74828c9\" data-element_type=\"column\" data-e-type=\"column\">\n\t\t\t<div class=\"elementor-widget-wrap elementor-element-populated\">\n\t\t\t\t\t\t<div class=\"elementor-element elementor-element-3cad2b7 elementor-view-stacked elementor-shape-circle elementor-position-block-start elementor-mobile-position-block-start elementor-widget elementor-widget-icon-box\" data-id=\"3cad2b7\" data-element_type=\"widget\" data-e-type=\"widget\" data-widget_type=\"icon-box.default\">\n\t\t\t\t<div class=\"elementor-widget-container\">\n\t\t\t\t\t\t\t<div class=\"elementor-icon-box-wrapper\">\n\n\t\t\t\t\t\t<div class=\"elementor-icon-box-icon\">\n\t\t\t\t<span  class=\"elementor-icon\">\n\t\t\t\t<i aria-hidden=\"true\" class=\"fas fa-external-link-alt\"><\/i>\t\t\t\t<\/span>\n\t\t\t<\/div>\n\t\t\t\n\t\t\t\t\t\t<div class=\"elementor-icon-box-content\">\n\n\t\t\t\t\t\t\t\t\t<h3 class=\"elementor-icon-box-title\">\n\t\t\t\t\t\t<span  >\n\t\t\t\t\t\t\tOtros Productos\t\t\t\t\t\t<\/span>\n\t\t\t\t\t<\/h3>\n\t\t\t\t\n\t\t\t\t\n\t\t\t<\/div>\n\t\t\t\n\t\t<\/div>\n\t\t\t\t\t\t<\/div>\n\t\t\t\t<\/div>\n\t\t\t\t\t<\/div>\n\t\t<\/div>\n\t\t\t\t\t<\/div>\n\t\t<\/section>\n\t\t\t\t<section class=\"elementor-section elementor-top-section elementor-element elementor-element-fc27f98 elementor-section-boxed elementor-section-height-default elementor-section-height-default\" data-id=\"fc27f98\" data-element_type=\"section\" data-e-type=\"section\">\n\t\t\t\t\t\t<div class=\"elementor-container elementor-column-gap-default\">\n\t\t\t\t\t<div class=\"elementor-column elementor-col-100 elementor-top-column elementor-element elementor-element-0c496a5\" data-id=\"0c496a5\" data-element_type=\"column\" data-e-type=\"column\">\n\t\t\t<div class=\"elementor-widget-wrap elementor-element-populated\">\n\t\t\t\t\t\t<div class=\"elementor-element elementor-element-f26dc8b elementor-widget elementor-widget-text-editor\" data-id=\"f26dc8b\" data-element_type=\"widget\" data-e-type=\"widget\" data-widget_type=\"text-editor.default\">\n\t\t\t\t<div class=\"elementor-widget-container\">\n\t\t\t\t\t\t\t\t\t<p>Creamos productos novedosos para realizar branding corporativo idelaes para impulsar y apoyar labores de marketing y posicionamiento de marca seg\u00fan la imagen corporativa de cada empresa.\u00a0<\/p>\t\t\t\t\t\t\t\t<\/div>\n\t\t\t\t<\/div>\n\t\t\t\t\t<\/div>\n\t\t<\/div>\n\t\t\t\t\t<\/div>\n\t\t<\/section>\n\t\t\t\t<section class=\"elementor-section elementor-top-section elementor-element elementor-element-030fca1 elementor-section-boxed elementor-section-height-default elementor-section-height-default\" data-id=\"030fca1\" data-element_type=\"section\" data-e-type=\"section\">\n\t\t\t\t\t\t<div class=\"elementor-container elementor-column-gap-default\">\n\t\t\t\t\t<div class=\"elementor-column elementor-col-33 elementor-top-column elementor-element elementor-element-2c06044\" data-id=\"2c06044\" data-element_type=\"column\" data-e-type=\"column\">\n\t\t\t<div class=\"elementor-widget-wrap elementor-element-populated\">\n\t\t\t\t\t\t<div class=\"elementor-element elementor-element-cbae922 elementor-widget elementor-widget-text-editor\" data-id=\"cbae922\" data-element_type=\"widget\" data-e-type=\"widget\" data-widget_type=\"text-editor.default\">\n\t\t\t\t<div class=\"elementor-widget-container\">\n\t\t\t\t\t\t\t\t\t<p><span class=\"actAsPara\">&#8211; Carteleras.<\/span><\/p><p><span class=\"actAsPara\">&#8211; Tableros.<\/span><\/p><p><span class=\"actAsPara\">&#8211; Laminas magn\u00e9ticas.<\/span><\/p>\t\t\t\t\t\t\t\t<\/div>\n\t\t\t\t<\/div>\n\t\t\t\t<div class=\"elementor-element elementor-element-059a6e8 elementor-widget elementor-widget-image\" data-id=\"059a6e8\" data-element_type=\"widget\" data-e-type=\"widget\" data-widget_type=\"image.default\">\n\t\t\t\t<div class=\"elementor-widget-container\">\n\t\t\t\t\t\t\t\t\t\t\t\t\t\t\t<img fetchpriority=\"high\" decoding=\"async\" width=\"316\" height=\"237\" src=\"https:\/\/senalescorporativas.com\/wp-content\/uploads\/2022\/09\/otros-02-1.jpg\" class=\"attachment-large size-large wp-image-1515\" alt=\"Trofeos en Acrilico\" srcset=\"https:\/\/senalescorporativas.com\/wp-content\/uploads\/2022\/09\/otros-02-1.jpg 316w, https:\/\/senalescorporativas.com\/wp-content\/uploads\/2022\/09\/otros-02-1-300x225.jpg 300w\" sizes=\"(max-width: 316px) 100vw, 316px\" \/>\t\t\t\t\t\t\t\t\t\t\t\t\t\t\t<\/div>\n\t\t\t\t<\/div>\n\t\t\t\t\t<\/div>\n\t\t<\/div>\n\t\t\t\t<div class=\"elementor-column elementor-col-33 elementor-top-column elementor-element elementor-element-d32e940\" data-id=\"d32e940\" data-element_type=\"column\" data-e-type=\"column\">\n\t\t\t<div class=\"elementor-widget-wrap elementor-element-populated\">\n\t\t\t\t\t\t<div class=\"elementor-element elementor-element-a3b1d93 elementor-widget elementor-widget-image\" data-id=\"a3b1d93\" data-element_type=\"widget\" data-e-type=\"widget\" data-widget_type=\"image.default\">\n\t\t\t\t<div class=\"elementor-widget-container\">\n\t\t\t\t\t\t\t\t\t\t\t\t\t\t\t<img decoding=\"async\" width=\"600\" height=\"800\" src=\"https:\/\/senalescorporativas.com\/wp-content\/uploads\/2024\/06\/trofeos-en-acrilico.webp\" class=\"attachment-large size-large wp-image-2163\" alt=\"Trofeos en Acrilico\" srcset=\"https:\/\/senalescorporativas.com\/wp-content\/uploads\/2024\/06\/trofeos-en-acrilico.webp 600w, https:\/\/senalescorporativas.com\/wp-content\/uploads\/2024\/06\/trofeos-en-acrilico-225x300.webp 225w\" sizes=\"(max-width: 600px) 100vw, 600px\" \/>\t\t\t\t\t\t\t\t\t\t\t\t\t\t\t<\/div>\n\t\t\t\t<\/div>\n\t\t\t\t\t<\/div>\n\t\t<\/div>\n\t\t\t\t<div class=\"elementor-column elementor-col-33 elementor-top-column elementor-element elementor-element-dc2b302\" data-id=\"dc2b302\" data-element_type=\"column\" data-e-type=\"column\">\n\t\t\t<div class=\"elementor-widget-wrap elementor-element-populated\">\n\t\t\t\t\t\t<div class=\"elementor-element elementor-element-c31b756 elementor-widget elementor-widget-text-editor\" data-id=\"c31b756\" data-element_type=\"widget\" data-e-type=\"widget\" data-widget_type=\"text-editor.default\">\n\t\t\t\t<div class=\"elementor-widget-container\">\n\t\t\t\t\t\t\t\t\t<p><span class=\"actAsPara\">&#8211; Paletas.<\/span><\/p><p><span class=\"actAsPara\">&#8211; Placas conmemorativas.<\/span><\/p><p><span class=\"actAsPara\">&#8211; Vallas para torneos de golf.<\/span><span class=\"actAsPara\">\u00a0<\/span><\/p>\t\t\t\t\t\t\t\t<\/div>\n\t\t\t\t<\/div>\n\t\t\t\t<div class=\"elementor-element elementor-element-eac16bc elementor-widget elementor-widget-image\" data-id=\"eac16bc\" data-element_type=\"widget\" data-e-type=\"widget\" data-widget_type=\"image.default\">\n\t\t\t\t<div class=\"elementor-widget-container\">\n\t\t\t\t\t\t\t\t\t\t\t\t\t\t\t<img decoding=\"async\" width=\"424\" height=\"318\" src=\"https:\/\/senalescorporativas.com\/wp-content\/uploads\/2022\/09\/otros-01.jpg\" class=\"attachment-large size-large wp-image-1516\" alt=\"Paletas especiales en Acrilico\" srcset=\"https:\/\/senalescorporativas.com\/wp-content\/uploads\/2022\/09\/otros-01.jpg 424w, https:\/\/senalescorporativas.com\/wp-content\/uploads\/2022\/09\/otros-01-300x225.jpg 300w\" sizes=\"(max-width: 424px) 100vw, 424px\" \/>\t\t\t\t\t\t\t\t\t\t\t\t\t\t\t<\/div>\n\t\t\t\t<\/div>\n\t\t\t\t\t<\/div>\n\t\t<\/div>\n\t\t\t\t\t<\/div>\n\t\t<\/section>\n\t\t\t\t<section class=\"elementor-section elementor-top-section elementor-element elementor-element-bc1444e elementor-section-boxed elementor-section-height-default elementor-section-height-default\" data-id=\"bc1444e\" data-element_type=\"section\" data-e-type=\"section\">\n\t\t\t\t\t\t<div class=\"elementor-container elementor-column-gap-default\">\n\t\t\t\t\t<div class=\"elementor-column elementor-col-100 elementor-top-column elementor-element elementor-element-0715fd5\" data-id=\"0715fd5\" data-element_type=\"column\" data-e-type=\"column\">\n\t\t\t<div class=\"elementor-widget-wrap elementor-element-populated\">\n\t\t\t\t\t\t<div class=\"elementor-element elementor-element-d6ca2ae elementor-widget elementor-widget-spacer\" data-id=\"d6ca2ae\" data-element_type=\"widget\" data-e-type=\"widget\" data-widget_type=\"spacer.default\">\n\t\t\t\t<div class=\"elementor-widget-container\">\n\t\t\t\t\t\t\t<div class=\"elementor-spacer\">\n\t\t\t<div class=\"elementor-spacer-inner\"><\/div>\n\t\t<\/div>\n\t\t\t\t\t\t<\/div>\n\t\t\t\t<\/div>\n\t\t\t\t\t<\/div>\n\t\t<\/div>\n\t\t\t\t\t<\/div>\n\t\t<\/section>\n\t\t\t\t<\/div>\n\t\t","protected":false},"excerpt":{"rendered":"<p>Otros Productos Creamos productos novedosos para realizar branding corporativo idelaes para impulsar y apoyar labores de marketing y posicionamiento de marca seg\u00fan la imagen corporativa de cada empresa.\u00a0 &#8211; Carteleras. &#8211; Tableros. &#8211; Laminas magn\u00e9ticas. &#8211; Paletas. &#8211; Placas conmemorativas. &#8211; Vallas para torneos de golf.\u00a0<\/p>\n","protected":false},"author":1,"featured_media":1515,"parent":0,"menu_order":0,"comment_status":"closed","ping_status":"closed","template":"elementor_header_footer","meta":{"footnotes":""},"class_list":["post-61","page","type-page","status-publish","has-post-thumbnail","hentry"],"yoast_head":"<!-- This site is optimized with the Yoast SEO Premium plugin v25.6 (Yoast SEO v27.4) - https:\/\/yoast.com\/product\/yoast-seo-premium-wordpress\/ -->\n<title>Trofeos en Acrilico para Eventos y Reconocimientos<\/title>\n<meta name=\"description\" content=\"Nuestros trofeos en acr\u00edlico son elegantes reconocimientos personalizados para premiar logros y destacar la excelencia.\" \/>\n<meta name=\"robots\" content=\"index, follow, max-snippet:-1, max-image-preview:large, max-video-preview:-1\" \/>\n<link rel=\"canonical\" href=\"https:\/\/senalescorporativas.com\/index.php\/otros\/\" \/>\n<meta property=\"og:locale\" content=\"es_ES\" \/>\n<meta property=\"og:type\" content=\"article\" \/>\n<meta property=\"og:title\" content=\"Otros\" \/>\n<meta property=\"og:description\" content=\"Nuestros trofeos en acr\u00edlico son elegantes reconocimientos personalizados para premiar logros y destacar la excelencia.\" \/>\n<meta property=\"og:url\" content=\"https:\/\/senalescorporativas.com\/index.php\/otros\/\" \/>\n<meta property=\"og:site_name\" content=\"Se\u00f1alizaci\u00f3n Corporativa\" \/>\n<meta property=\"article:modified_time\" content=\"2024-06-20T19:41:23+00:00\" \/>\n<meta property=\"og:image\" content=\"https:\/\/senalescorporativas.com\/wp-content\/uploads\/2022\/09\/otros-02-1.jpg\" \/>\n\t<meta property=\"og:image:width\" content=\"316\" \/>\n\t<meta property=\"og:image:height\" content=\"237\" \/>\n\t<meta property=\"og:image:type\" content=\"image\/jpeg\" \/>\n<meta name=\"twitter:card\" content=\"summary_large_image\" \/>\n<meta name=\"twitter:label1\" content=\"Tiempo de lectura\" \/>\n\t<meta name=\"twitter:data1\" content=\"1 minuto\" \/>\n<script type=\"application\/ld+json\" class=\"yoast-schema-graph\">{\"@context\":\"https:\\\/\\\/schema.org\",\"@graph\":[{\"@type\":\"WebPage\",\"@id\":\"https:\\\/\\\/senalescorporativas.com\\\/index.php\\\/otros\\\/\",\"url\":\"https:\\\/\\\/senalescorporativas.com\\\/index.php\\\/otros\\\/\",\"name\":\"Trofeos en Acrilico para Eventos y Reconocimientos\",\"isPartOf\":{\"@id\":\"https:\\\/\\\/senalescorporativas.com\\\/#website\"},\"primaryImageOfPage\":{\"@id\":\"https:\\\/\\\/senalescorporativas.com\\\/index.php\\\/otros\\\/#primaryimage\"},\"image\":{\"@id\":\"https:\\\/\\\/senalescorporativas.com\\\/index.php\\\/otros\\\/#primaryimage\"},\"thumbnailUrl\":\"https:\\\/\\\/senalescorporativas.com\\\/wp-content\\\/uploads\\\/2022\\\/09\\\/otros-02-1.jpg\",\"datePublished\":\"2022-09-05T20:59:26+00:00\",\"dateModified\":\"2024-06-20T19:41:23+00:00\",\"description\":\"Nuestros trofeos en acr\u00edlico son elegantes reconocimientos personalizados para premiar logros y destacar la excelencia.\",\"breadcrumb\":{\"@id\":\"https:\\\/\\\/senalescorporativas.com\\\/index.php\\\/otros\\\/#breadcrumb\"},\"inLanguage\":\"es\",\"potentialAction\":[{\"@type\":\"ReadAction\",\"target\":[\"https:\\\/\\\/senalescorporativas.com\\\/index.php\\\/otros\\\/\"]}]},{\"@type\":\"ImageObject\",\"inLanguage\":\"es\",\"@id\":\"https:\\\/\\\/senalescorporativas.com\\\/index.php\\\/otros\\\/#primaryimage\",\"url\":\"https:\\\/\\\/senalescorporativas.com\\\/wp-content\\\/uploads\\\/2022\\\/09\\\/otros-02-1.jpg\",\"contentUrl\":\"https:\\\/\\\/senalescorporativas.com\\\/wp-content\\\/uploads\\\/2022\\\/09\\\/otros-02-1.jpg\",\"width\":316,\"height\":237,\"caption\":\"Trofeos en Acrilico\"},{\"@type\":\"BreadcrumbList\",\"@id\":\"https:\\\/\\\/senalescorporativas.com\\\/index.php\\\/otros\\\/#breadcrumb\",\"itemListElement\":[{\"@type\":\"ListItem\",\"position\":1,\"name\":\"Portada\",\"item\":\"https:\\\/\\\/senalescorporativas.com\\\/\"},{\"@type\":\"ListItem\",\"position\":2,\"name\":\"Otros\"}]},{\"@type\":\"WebSite\",\"@id\":\"https:\\\/\\\/senalescorporativas.com\\\/#website\",\"url\":\"https:\\\/\\\/senalescorporativas.com\\\/\",\"name\":\"Se\u00f1alizaci\u00f3n Corporativa\",\"description\":\"Se\u00f1ales Corporativas - Ser Digital\",\"publisher\":{\"@id\":\"https:\\\/\\\/senalescorporativas.com\\\/#organization\"},\"alternateName\":\"Ser Digital Full Branding\",\"potentialAction\":[{\"@type\":\"SearchAction\",\"target\":{\"@type\":\"EntryPoint\",\"urlTemplate\":\"https:\\\/\\\/senalescorporativas.com\\\/?s={search_term_string}\"},\"query-input\":{\"@type\":\"PropertyValueSpecification\",\"valueRequired\":true,\"valueName\":\"search_term_string\"}}],\"inLanguage\":\"es\"},{\"@type\":\"Organization\",\"@id\":\"https:\\\/\\\/senalescorporativas.com\\\/#organization\",\"name\":\"Se\u00f1alizaci\u00f3n Corporativa Ser Digital\",\"url\":\"https:\\\/\\\/senalescorporativas.com\\\/\",\"logo\":{\"@type\":\"ImageObject\",\"inLanguage\":\"es\",\"@id\":\"https:\\\/\\\/senalescorporativas.com\\\/#\\\/schema\\\/logo\\\/image\\\/\",\"url\":\"https:\\\/\\\/senalescorporativas.com\\\/wp-content\\\/uploads\\\/2022\\\/09\\\/cropped-logoserdigitalicon-1.png\",\"contentUrl\":\"https:\\\/\\\/senalescorporativas.com\\\/wp-content\\\/uploads\\\/2022\\\/09\\\/cropped-logoserdigitalicon-1.png\",\"width\":513,\"height\":232,\"caption\":\"Se\u00f1alizaci\u00f3n Corporativa Ser Digital\"},\"image\":{\"@id\":\"https:\\\/\\\/senalescorporativas.com\\\/#\\\/schema\\\/logo\\\/image\\\/\"},\"sameAs\":[\"https:\\\/\\\/www.linkedin.com\\\/company\\\/75437757\\\/admin\\\/feed\\\/posts\\\/\",\"https:\\\/\\\/www.instagram.com\\\/serdigital\\\/\"]}]}<\/script>\n<!-- \/ Yoast SEO Premium plugin. -->","yoast_head_json":{"title":"Trofeos en Acrilico para Eventos y Reconocimientos","description":"Nuestros trofeos en acr\u00edlico son elegantes reconocimientos personalizados para premiar logros y destacar la excelencia.","robots":{"index":"index","follow":"follow","max-snippet":"max-snippet:-1","max-image-preview":"max-image-preview:large","max-video-preview":"max-video-preview:-1"},"canonical":"https:\/\/senalescorporativas.com\/index.php\/otros\/","og_locale":"es_ES","og_type":"article","og_title":"Otros","og_description":"Nuestros trofeos en acr\u00edlico son elegantes reconocimientos personalizados para premiar logros y destacar la excelencia.","og_url":"https:\/\/senalescorporativas.com\/index.php\/otros\/","og_site_name":"Se\u00f1alizaci\u00f3n Corporativa","article_modified_time":"2024-06-20T19:41:23+00:00","og_image":[{"width":316,"height":237,"url":"https:\/\/senalescorporativas.com\/wp-content\/uploads\/2022\/09\/otros-02-1.jpg","type":"image\/jpeg"}],"twitter_card":"summary_large_image","twitter_misc":{"Tiempo de lectura":"1 minuto"},"schema":{"@context":"https:\/\/schema.org","@graph":[{"@type":"WebPage","@id":"https:\/\/senalescorporativas.com\/index.php\/otros\/","url":"https:\/\/senalescorporativas.com\/index.php\/otros\/","name":"Trofeos en Acrilico para Eventos y Reconocimientos","isPartOf":{"@id":"https:\/\/senalescorporativas.com\/#website"},"primaryImageOfPage":{"@id":"https:\/\/senalescorporativas.com\/index.php\/otros\/#primaryimage"},"image":{"@id":"https:\/\/senalescorporativas.com\/index.php\/otros\/#primaryimage"},"thumbnailUrl":"https:\/\/senalescorporativas.com\/wp-content\/uploads\/2022\/09\/otros-02-1.jpg","datePublished":"2022-09-05T20:59:26+00:00","dateModified":"2024-06-20T19:41:23+00:00","description":"Nuestros trofeos en acr\u00edlico son elegantes reconocimientos personalizados para premiar logros y destacar la excelencia.","breadcrumb":{"@id":"https:\/\/senalescorporativas.com\/index.php\/otros\/#breadcrumb"},"inLanguage":"es","potentialAction":[{"@type":"ReadAction","target":["https:\/\/senalescorporativas.com\/index.php\/otros\/"]}]},{"@type":"ImageObject","inLanguage":"es","@id":"https:\/\/senalescorporativas.com\/index.php\/otros\/#primaryimage","url":"https:\/\/senalescorporativas.com\/wp-content\/uploads\/2022\/09\/otros-02-1.jpg","contentUrl":"https:\/\/senalescorporativas.com\/wp-content\/uploads\/2022\/09\/otros-02-1.jpg","width":316,"height":237,"caption":"Trofeos en Acrilico"},{"@type":"BreadcrumbList","@id":"https:\/\/senalescorporativas.com\/index.php\/otros\/#breadcrumb","itemListElement":[{"@type":"ListItem","position":1,"name":"Portada","item":"https:\/\/senalescorporativas.com\/"},{"@type":"ListItem","position":2,"name":"Otros"}]},{"@type":"WebSite","@id":"https:\/\/senalescorporativas.com\/#website","url":"https:\/\/senalescorporativas.com\/","name":"Se\u00f1alizaci\u00f3n Corporativa","description":"Se\u00f1ales Corporativas - Ser Digital","publisher":{"@id":"https:\/\/senalescorporativas.com\/#organization"},"alternateName":"Ser Digital Full Branding","potentialAction":[{"@type":"SearchAction","target":{"@type":"EntryPoint","urlTemplate":"https:\/\/senalescorporativas.com\/?s={search_term_string}"},"query-input":{"@type":"PropertyValueSpecification","valueRequired":true,"valueName":"search_term_string"}}],"inLanguage":"es"},{"@type":"Organization","@id":"https:\/\/senalescorporativas.com\/#organization","name":"Se\u00f1alizaci\u00f3n Corporativa Ser Digital","url":"https:\/\/senalescorporativas.com\/","logo":{"@type":"ImageObject","inLanguage":"es","@id":"https:\/\/senalescorporativas.com\/#\/schema\/logo\/image\/","url":"https:\/\/senalescorporativas.com\/wp-content\/uploads\/2022\/09\/cropped-logoserdigitalicon-1.png","contentUrl":"https:\/\/senalescorporativas.com\/wp-content\/uploads\/2022\/09\/cropped-logoserdigitalicon-1.png","width":513,"height":232,"caption":"Se\u00f1alizaci\u00f3n Corporativa Ser Digital"},"image":{"@id":"https:\/\/senalescorporativas.com\/#\/schema\/logo\/image\/"},"sameAs":["https:\/\/www.linkedin.com\/company\/75437757\/admin\/feed\/posts\/","https:\/\/www.instagram.com\/serdigital\/"]}]}},"_links":{"self":[{"href":"https:\/\/senalescorporativas.com\/index.php\/wp-json\/wp\/v2\/pages\/61","targetHints":{"allow":["GET"]}}],"collection":[{"href":"https:\/\/senalescorporativas.com\/index.php\/wp-json\/wp\/v2\/pages"}],"about":[{"href":"https:\/\/senalescorporativas.com\/index.php\/wp-json\/wp\/v2\/types\/page"}],"author":[{"embeddable":true,"href":"https:\/\/senalescorporativas.com\/index.php\/wp-json\/wp\/v2\/users\/1"}],"replies":[{"embeddable":true,"href":"https:\/\/senalescorporativas.com\/index.php\/wp-json\/wp\/v2\/comments?post=61"}],"version-history":[{"count":5,"href":"https:\/\/senalescorporativas.com\/index.php\/wp-json\/wp\/v2\/pages\/61\/revisions"}],"predecessor-version":[{"id":2175,"href":"https:\/\/senalescorporativas.com\/index.php\/wp-json\/wp\/v2\/pages\/61\/revisions\/2175"}],"wp:featuredmedia":[{"embeddable":true,"href":"https:\/\/senalescorporativas.com\/index.php\/wp-json\/wp\/v2\/media\/1515"}],"wp:attachment":[{"href":"https:\/\/senalescorporativas.com\/index.php\/wp-json\/wp\/v2\/media?parent=61"}],"curies":[{"name":"wp","href":"https:\/\/api.w.org\/{rel}","templated":true}]}}